{"id":6210,"date":"2024-08-07T14:15:10","date_gmt":"2024-08-07T12:15:10","guid":{"rendered":"https:\/\/diesse-electrosystem.it\/?page_id=6210"},"modified":"2024-08-27T15:02:30","modified_gmt":"2024-08-27T13:02:30","slug":"cookie-richtlinie","status":"publish","type":"page","link":"https:\/\/diesse-electrosystem.it\/de\/cookie-richtlinie\/","title":{"rendered":"Cookie-Richtlinie"},"content":{"rendered":"\t\t<div data-elementor-type=\"wp-page\" data-elementor-id=\"6210\" class=\"elementor elementor-6210 elementor-5820\" data-elementor-post-type=\"page\">\n\t\t\t\t<div class=\"elementor-element elementor-element-b5a9282 e-flex e-con-boxed wpr-particle-no wpr-jarallax-no wpr-parallax-no wpr-sticky-section-no e-con e-parent\" data-id=\"b5a9282\" data-element_type=\"container\" data-settings=\"{&quot;background_background&quot;:&quot;classic&quot;}\">\n\t\t\t\t\t<div class=\"e-con-inner\">\n\t\t\t\t<div class=\"elementor-element elementor-element-e911eb3 elementor-widget elementor-widget-slider_revolution\" data-id=\"e911eb3\" data-element_type=\"widget\" data-widget_type=\"slider_revolution.default\">\n\t\t\t\t<div class=\"elementor-widget-container\">\n\t\t\t\n\t\t<div class=\"wp-block-themepunch-revslider\">\n\t\t\t<!-- START hero pagine interne REVOLUTION SLIDER 6.6.16 --><p class=\"rs-p-wp-fix\"><\/p>\n\t\t\t<rs-module-wrap id=\"rev_slider_7_1_wrapper\" data-source=\"post\" style=\"visibility:hidden;background:transparent;padding:0;margin:0px auto;margin-top:0;margin-bottom:0;\">\n\t\t\t\t<rs-module id=\"rev_slider_7_1\" style=\"\" data-version=\"6.6.16\">\n\t\t\t\t\t<rs-slides style=\"overflow: hidden; position: absolute;\">\n\t\t\t\t\t\t<rs-slide style=\"position: absolute;\" data-key=\"rs-6210\" data-title=\"Cookie-Richtlinie\" data-anim=\"ms:10;\" data-in=\"o:1;\" data-out=\"a:false;\" data-rsparticles='{\"responsive\":false,\"fback\":false,\"particles\":{\"shape\":\":RSV6.3.0+:circle|__|sun_2\",\"number\":65,\"size\":4},\"styles\":{\"particle\":{\"ocolor\":false,\"color\":\"#ffcc00,#ff3a2d,#ff7200,#f45116\",\"opacity\":80,\"opacityMin\":0,\"opacityRandom\":true,\"zIndex\":\"100\"}},\"movement\":{\"speed\":2,\"direction\":\"top\"},\"grab\":{\"crawl\":false,\"crawlMaxLines\":5},\"attract\":{\"distance\":200,\"force\":10},\"pulse\":{\"opacity\":{\"min\":1}},\"physics\":{\"gravity\":0,\"minGravity\":0,\"gravityDir\":\"bottom\",\"damping\":70,\"hDrift\":0,\"vDrift\":0},\"enable\":true}'>\n\t\t\t\t\t\t\t<img fetchpriority=\"high\" decoding=\"async\" src=\"\/\/diesse-electrosystem.it\/wp-content\/plugins\/revslider\/public\/assets\/assets\/dummy.png\" alt=\"\" title=\"diesse-pag-interne\" width=\"2500\" height=\"500\" class=\"rev-slidebg tp-rs-img rs-lazyload\" data-lazyload=\"\/\/diesse-electrosystem.it\/wp-content\/uploads\/2024\/07\/diesse-pag-interne.jpg\" data-no-retina>\n<!--\n\t\t\t\t\t\t\t--><rs-layer\n\t\t\t\t\t\t\t\tid=\"slider-7-slide-6210-layer-0\" \n\t\t\t\t\t\t\t\tdata-type=\"text\"\n\t\t\t\t\t\t\t\tdata-rsp_ch=\"on\"\n\t\t\t\t\t\t\t\tdata-xy=\"x:c,l,l,l;xo:-88px,0,0,0;y:m,b,b,b;yo:71px,0,0,0;\"\n\t\t\t\t\t\t\t\tdata-text=\"w:normal;s:40;l:45,80,60,37;fw:700;\"\n\t\t\t\t\t\t\t\tdata-dim=\"w:960px,846px,642px,418px;h:131px,171px,129px,118px;\"\n\t\t\t\t\t\t\t\tdata-margin=\"l:0,20,20,12;\"\n\t\t\t\t\t\t\t\tdata-padding=\"l:0,0,0,20;\"\n\t\t\t\t\t\t\t\tdata-frame_0=\"y:-100%;\"\n\t\t\t\t\t\t\t\tdata-frame_0_mask=\"u:t;\"\n\t\t\t\t\t\t\t\tdata-frame_1=\"st:300;sp:1200;sR:300;\"\n\t\t\t\t\t\t\t\tdata-frame_1_mask=\"u:t;\"\n\t\t\t\t\t\t\t\tdata-frame_999=\"o:0;st:w;sR:7500;\"\n\t\t\t\t\t\t\t\tstyle=\"z-index:8;font-family:'Inter';\"\n\t\t\t\t\t\t\t>Cookie-Richtlinie \n\t\t\t\t\t\t\t<\/rs-layer><!--\n\n\t\t\t\t\t\t\t--><rs-layer\n\t\t\t\t\t\t\t\tid=\"slider-7-slide-6210-layer-1\" \n\t\t\t\t\t\t\t\tdata-type=\"shape\"\n\t\t\t\t\t\t\t\tdata-rsp_ch=\"on\"\n\t\t\t\t\t\t\t\tdata-xy=\"xo:0,0,0,-1px;y:b;yo:-32px,-26px,-19px,-2px;\"\n\t\t\t\t\t\t\t\tdata-text=\"w:normal;s:20,16,12,7;l:0,20,15,9;\"\n\t\t\t\t\t\t\t\tdata-dim=\"w:100%;h:180px,148px,112px,69px;\"\n\t\t\t\t\t\t\t\tdata-basealign=\"slide\"\n\t\t\t\t\t\t\t\tdata-frame_999=\"o:0;st:w;sR:8700;\"\n\t\t\t\t\t\t\t\tstyle=\"z-index:7;background:linear-gradient(rgba(25,10,0,0) 0%, rgba(25,10,0,1) 100%);\"\n\t\t\t\t\t\t\t> \n\t\t\t\t\t\t\t<\/rs-layer><!--\n\n\t\t\t\t\t\t\t--><rs-layer\n\t\t\t\t\t\t\t\tid=\"slider-7-slide-6210-layer-4\" \n\t\t\t\t\t\t\t\tclass=\"tp-shape tp-shapewrapper tp-particlewave\"\n\t\t\t\t\t\t\t\tdata-type=\"shape\"\n\t\t\t\t\t\t\t\tdata-rsp_ch=\"on\"\n\t\t\t\t\t\t\t\tdata-xy=\"xo:-157px,-129px,-98px,-34px;yo:-1px,0,0,178px;\"\n\t\t\t\t\t\t\t\tdata-text=\"w:normal;s:20,16,12,7;l:0,20,15,9;\"\n\t\t\t\t\t\t\t\tdata-dim=\"w:1587px,1310px,995px,688px;h:495px,408px,309px,276px;\"\n\t\t\t\t\t\t\t\tdata-frame_999=\"o:0;st:w;\"\n\t\t\t\t\t\t\t\t data-wpsdata='s:55%;c:100%;a:10%;g:11;an:0deg;t:0deg;sz:-51;dpr:1;particleSize:13;particleAmount:1500;gs:50%;oi:50%;lb:transparent;ddh:shiney;lo:5;b0:additive;a1:quarterPipe;e1:20deg;e2:23deg;e3:-20;e5:5;d3f:-20;d3a:4;d3m:1;ppfn:34;ppfsc:44;ppfsz:119;'\n\t\t\t\t\t\t\t\tstyle=\"z-index:9;background-color:rgba(0,0,0,0);\"\n\t\t\t\t\t\t\t> \n\t\t\t\t\t\t\t<\/rs-layer><!--\n-->\t\t\t\t\t\t<\/rs-slide>\n\t\t\t\t\t<\/rs-slides>\n\t\t\t\t<\/rs-module>\n\t\t\t\t<script>\n\t\t\t\t\tsetREVStartSize({c: 'rev_slider_7_1',rl:[1240,1024,778,480],el:[300,300,300,450],gw:[1240,1024,778,480],gh:[300,300,300,450],type:'hero',justify:'',layout:'fullwidth',mh:\"0\"});if (window.RS_MODULES!==undefined && window.RS_MODULES.modules!==undefined && window.RS_MODULES.modules[\"revslider71\"]!==undefined) {window.RS_MODULES.modules[\"revslider71\"].once = false;window.revapi7 = undefined;if (window.RS_MODULES.checkMinimal!==undefined) window.RS_MODULES.checkMinimal()}\n\t\t\t\t<\/script>\n\t\t\t<\/rs-module-wrap>\n\t\t\t<!-- END REVOLUTION SLIDER -->\n<\/div>\n\n\t\t\t\t<\/div>\n\t\t\t\t<\/div>\n\t\t\t\t\t<\/div>\n\t\t\t\t<\/div>\n\t\t<div class=\"elementor-element elementor-element-7ba8eae e-flex e-con-boxed wpr-particle-no wpr-jarallax-no wpr-parallax-no wpr-sticky-section-no e-con e-parent\" data-id=\"7ba8eae\" data-element_type=\"container\" data-settings=\"{&quot;background_background&quot;:&quot;classic&quot;}\">\n\t\t\t\t\t<div class=\"e-con-inner\">\n\t\t<div class=\"elementor-element elementor-element-b12a7e5 e-con-full e-flex wpr-particle-no wpr-jarallax-no wpr-parallax-no wpr-sticky-section-no e-con e-child\" data-id=\"b12a7e5\" data-element_type=\"container\">\n\t\t\t\t<div class=\"elementor-element elementor-element-252f4bd elementor-align-left elementor-widget elementor-widget-breadcrumbs\" data-id=\"252f4bd\" data-element_type=\"widget\" data-widget_type=\"breadcrumbs.default\">\n\t\t\t\t<div class=\"elementor-widget-container\">\n\t\t\t<nav aria-label=\"breadcrumbs\" class=\"rank-math-breadcrumb\"><p><span class=\"last\">Home<\/span><\/p><\/nav>\t\t<\/div>\n\t\t\t\t<\/div>\n\t\t\t\t<\/div>\n\t\t\t\t\t<\/div>\n\t\t\t\t<\/div>\n\t\t<div class=\"elementor-element elementor-element-5c5f178e e-flex e-con-boxed wpr-particle-no wpr-jarallax-no wpr-parallax-no wpr-sticky-section-no e-con e-parent\" data-id=\"5c5f178e\" data-element_type=\"container\" data-settings=\"{&quot;background_background&quot;:&quot;classic&quot;}\">\n\t\t\t\t\t<div class=\"e-con-inner\">\n\t\t\t\t<div class=\"elementor-element elementor-element-1c575df animated-slow elementor-invisible elementor-widget elementor-widget-heading\" data-id=\"1c575df\" data-element_type=\"widget\" data-settings=\"{&quot;_animation&quot;:&quot;fadeIn&quot;}\" data-widget_type=\"heading.default\">\n\t\t\t\t<div class=\"elementor-widget-container\">\n\t\t\t<h2 class=\"elementor-heading-title elementor-size-default\">Erweiterte Cookie-<span style=\"color: #009DDF\">Politik<\/span><\/h2>\t\t<\/div>\n\t\t\t\t<\/div>\n\t\t\t\t<div class=\"elementor-element elementor-element-56363ea elementor-widget elementor-widget-text-editor\" data-id=\"56363ea\" data-element_type=\"widget\" data-widget_type=\"text-editor.default\">\n\t\t\t\t<div class=\"elementor-widget-container\">\n\t\t\t\t\t\t\t<p><strong>Was sind Cookies?<\/strong><br \/>Cookies sind kleine Textdateien, die automatisch auf dem PC des Surfers innerhalb des Browsers abgelegt werden. Sie enthalten grundlegende Informationen \u00fcber die Internetnavigation und werden bei jedem Besuch der Website vom Browser erkannt.<\/p><p><strong>Von dieser Website verwendete Cookies<\/strong><\/p><p>Diese Website verwendet Cookies, einschlie\u00dflich Cookies von Drittanbietern, um das Surferlebnis zu verbessern und es Ihnen zu erm\u00f6glichen, unsere Online-Dienste zu nutzen und Werbung entsprechend Ihren Pr\u00e4ferenzen anzuzeigen. Die auf dieser Website verwendeten Cookies fallen in die unten beschriebenen Kategorien.<\/p><p><strong>Cookie-Verwaltung<\/strong><\/p><p><strong>Technische Cookies<\/strong><br \/>F\u00fcr den Betrieb unbedingt erforderliche Aktivit\u00e4ten<br \/>Diese Cookies sind technischer Natur und erm\u00f6glichen das korrekte Funktionieren der Website. Sie sorgen zum Beispiel daf\u00fcr, dass der Benutzer beim Surfen angemeldet bleibt, indem sie verhindern, dass sich der Benutzer mehrmals anmelden muss, um auf nachfolgende Seiten zuzugreifen.<\/p><p><strong>Speichern von Pr\u00e4ferenzen<\/strong><br \/>Diese Cookies erm\u00f6glichen es, die vom Nutzer beim Surfen gew\u00e4hlten Pr\u00e4ferenzen zu speichern, z. B. die Einstellung der Sprache.<\/p><p><strong>Statistische und publikumswirksame Aktivit\u00e4ten<\/strong><br \/>Diese Cookies helfen uns, anhand anonymer und aggregierter Daten zu verstehen, wie die Nutzer mit unseren Websites interagieren, indem sie uns Informationen \u00fcber die besuchten Abschnitte, die auf der Website verbrachte Zeit und eventuelle St\u00f6rungen liefern. Dies hilft uns, die Leistung unserer Websites zu verbessern.<\/p><p><strong>Statistische Cookies und Cookies zur Messung der Besucherzahlen von Drittanbietern<\/strong><br \/>Diese Cookies (Webdienste von Dritten) liefern anonyme\/zusammengefasste Informationen dar\u00fcber, wie Besucher auf der Website navigieren. Nachfolgend finden Sie Links zu den jeweiligen Seiten mit Datenschutzrichtlinien.<br \/>Google Analytics mit einem Link zu https:\/\/www.google.com\/intl\/it_it\/analytics\/learn\/privacy.html<\/p><p>Denken Sie daran, dass Sie Ihre Cookie-Einstellungen auch in Ihrem Browser verwalten k\u00f6nnen.<\/p><p><strong>Wenn Sie den Internet Explorer verwenden<\/strong><br \/>Klicken Sie im Internet Explorer auf \u201eExtras\u201c und dann auf \u201eInternetoptionen\u201c. Schieben Sie auf der Registerkarte \u201eDatenschutz\u201c den Schieberegler nach oben, um alle Cookies zu blockieren, oder nach unten, um alle Cookies zuzulassen, und klicken Sie dann auf \u201eOK\u201c.<br \/>Wenn Sie den Firefox-Browser verwenden<br \/>Gehen Sie zum Men\u00fc \u201eExtras\u201c des Browsers und w\u00e4hlen Sie das Men\u00fc \u201eOptionen\u201c. Klicken Sie auf die Registerkarte \u201eDatenschutz\u201c, deaktivieren Sie das Kontrollk\u00e4stchen \u201eCookies akzeptieren\u201c und klicken Sie auf \u201eOK\u201c.<br \/>Wenn Sie den Safari-Browser verwenden<br \/>W\u00e4hlen Sie im Safari-Browser das Men\u00fc \u201eBearbeiten\u201c und w\u00e4hlen Sie \u201eEinstellungen\u201c. Klicken Sie auf \u201eDatenschutz\u201c. Setzen Sie die Einstellung \u201eCookies blockieren\u201c auf \u201eImmer\u201c und klicken Sie auf \u201eOK\u201c.<br \/>Wenn Sie den Google Chrome-Browser verwenden<br \/>Klicken Sie auf das Chrome-Men\u00fc in der Browser-Symbolleiste. W\u00e4hlen Sie \u201eEinstellungen\u201c. Klicken Sie auf \u201eErweiterte Einstellungen anzeigen\u201c. Klicken Sie im Abschnitt \u201eDatenschutz\u201c auf die Schaltfl\u00e4che \u201eInhaltseinstellungen\u201c. W\u00e4hlen Sie im Abschnitt \u201eCookies\u201c die Option \u201eWebsites nicht erlauben, Daten zu speichern\u201c und die Option \u201eCookies und Daten von Websites Dritter blockieren\u201c und klicken Sie dann auf OK.<br \/>Wenn Sie einen anderen Browser verwenden, sehen Sie in den Browsereinstellungen nach, wie Cookies behandelt werden.<\/p>\t\t\t\t\t\t<\/div>\n\t\t\t\t<\/div>\n\t\t<div class=\"elementor-element elementor-element-a56ecb1 e-grid e-con-full elementor-hidden-desktop elementor-hidden-laptop elementor-hidden-tablet elementor-hidden-mobile wpr-particle-no wpr-jarallax-no wpr-parallax-no wpr-sticky-section-no e-con e-child\" data-id=\"a56ecb1\" data-element_type=\"container\">\n\t\t\t\t<div class=\"elementor-element elementor-element-fff700a elementor-widget elementor-widget-image\" data-id=\"fff700a\" data-element_type=\"widget\" data-widget_type=\"image.default\">\n\t\t\t\t<div class=\"elementor-widget-container\">\n\t\t\t\t\t\t\t\t\t\t\t\t\t<img decoding=\"async\" width=\"200\" height=\"60\" src=\"https:\/\/diesse-electrosystem.it\/wp-content\/uploads\/2024\/07\/hager-bocchiotti-200.png\" class=\"attachment-full size-full wp-image-4637\" alt=\"\" \/>\t\t\t\t\t\t\t\t\t\t\t\t\t<\/div>\n\t\t\t\t<\/div>\n\t\t\t\t<div class=\"elementor-element elementor-element-e4ab3ab elementor-widget elementor-widget-image\" data-id=\"e4ab3ab\" data-element_type=\"widget\" data-widget_type=\"image.default\">\n\t\t\t\t<div class=\"elementor-widget-container\">\n\t\t\t\t\t\t\t\t\t\t\t\t\t<img decoding=\"async\" width=\"150\" height=\"60\" src=\"https:\/\/diesse-electrosystem.it\/wp-content\/uploads\/2024\/07\/berker-150-1.png\" class=\"attachment-full size-full wp-image-4607\" alt=\"\" \/>\t\t\t\t\t\t\t\t\t\t\t\t\t<\/div>\n\t\t\t\t<\/div>\n\t\t\t\t<div class=\"elementor-element elementor-element-0f4d1e5 elementor-widget elementor-widget-image\" data-id=\"0f4d1e5\" data-element_type=\"widget\" data-widget_type=\"image.default\">\n\t\t\t\t<div class=\"elementor-widget-container\">\n\t\t\t\t\t\t\t\t\t\t\t\t\t<img loading=\"lazy\" decoding=\"async\" width=\"150\" height=\"60\" src=\"https:\/\/diesse-electrosystem.it\/wp-content\/uploads\/2024\/07\/femicz-150.png\" class=\"attachment-full size-full wp-image-4592\" alt=\"\" \/>\t\t\t\t\t\t\t\t\t\t\t\t\t<\/div>\n\t\t\t\t<\/div>\n\t\t\t\t<div class=\"elementor-element elementor-element-12762db elementor-widget elementor-widget-image\" data-id=\"12762db\" data-element_type=\"widget\" data-widget_type=\"image.default\">\n\t\t\t\t<div class=\"elementor-widget-container\">\n\t\t\t\t\t\t\t\t\t\t\t\t\t<img loading=\"lazy\" decoding=\"async\" width=\"150\" height=\"60\" src=\"https:\/\/diesse-electrosystem.it\/wp-content\/uploads\/2024\/07\/steel-logo-150.png\" class=\"attachment-full size-full wp-image-4598\" alt=\"\" \/>\t\t\t\t\t\t\t\t\t\t\t\t\t<\/div>\n\t\t\t\t<\/div>\n\t\t\t\t<div class=\"elementor-element elementor-element-1f34d51 elementor-widget elementor-widget-image\" data-id=\"1f34d51\" data-element_type=\"widget\" data-widget_type=\"image.default\">\n\t\t\t\t<div class=\"elementor-widget-container\">\n\t\t\t\t\t\t\t\t\t\t\t\t\t<img loading=\"lazy\" decoding=\"async\" width=\"150\" height=\"60\" src=\"https:\/\/diesse-electrosystem.it\/wp-content\/uploads\/2024\/07\/ebo-logo150.png\" class=\"attachment-full size-full wp-image-4602\" alt=\"\" \/>\t\t\t\t\t\t\t\t\t\t\t\t\t<\/div>\n\t\t\t\t<\/div>\n\t\t\t\t<div class=\"elementor-element elementor-element-9408ff7 elementor-widget elementor-widget-image\" data-id=\"9408ff7\" data-element_type=\"widget\" data-widget_type=\"image.default\">\n\t\t\t\t<div class=\"elementor-widget-container\">\n\t\t\t\t\t\t\t\t\t\t\t\t\t<img loading=\"lazy\" decoding=\"async\" width=\"150\" height=\"60\" src=\"https:\/\/diesse-electrosystem.it\/wp-content\/uploads\/2024\/07\/performance-logo150.png\" class=\"attachment-full size-full wp-image-4617\" alt=\"\" \/>\t\t\t\t\t\t\t\t\t\t\t\t\t<\/div>\n\t\t\t\t<\/div>\n\t\t\t\t<div class=\"elementor-element elementor-element-201901f elementor-widget elementor-widget-image\" data-id=\"201901f\" data-element_type=\"widget\" data-widget_type=\"image.default\">\n\t\t\t\t<div class=\"elementor-widget-container\">\n\t\t\t\t\t\t\t\t\t\t\t\t\t<img loading=\"lazy\" decoding=\"async\" width=\"150\" height=\"60\" src=\"https:\/\/diesse-electrosystem.it\/wp-content\/uploads\/2024\/07\/qubix-150.png\" class=\"attachment-large size-large wp-image-4620\" alt=\"\" \/>\t\t\t\t\t\t\t\t\t\t\t\t\t<\/div>\n\t\t\t\t<\/div>\n\t\t\t\t<div class=\"elementor-element elementor-element-f2d31ca elementor-widget elementor-widget-image\" data-id=\"f2d31ca\" data-element_type=\"widget\" data-widget_type=\"image.default\">\n\t\t\t\t<div class=\"elementor-widget-container\">\n\t\t\t\t\t\t\t\t\t\t\t\t\t<img loading=\"lazy\" decoding=\"async\" width=\"150\" height=\"60\" src=\"https:\/\/diesse-electrosystem.it\/wp-content\/uploads\/2024\/07\/mitsubishi-150.png\" class=\"attachment-large size-large wp-image-4623\" alt=\"\" \/>\t\t\t\t\t\t\t\t\t\t\t\t\t<\/div>\n\t\t\t\t<\/div>\n\t\t\t\t<div class=\"elementor-element elementor-element-2f59296 elementor-widget elementor-widget-image\" data-id=\"2f59296\" data-element_type=\"widget\" data-widget_type=\"image.default\">\n\t\t\t\t<div class=\"elementor-widget-container\">\n\t\t\t\t\t\t\t\t\t\t\t\t\t<img loading=\"lazy\" decoding=\"async\" width=\"150\" height=\"60\" src=\"https:\/\/diesse-electrosystem.it\/wp-content\/uploads\/2024\/07\/etelec-150.png\" class=\"attachment-large size-large wp-image-4626\" alt=\"\" \/>\t\t\t\t\t\t\t\t\t\t\t\t\t<\/div>\n\t\t\t\t<\/div>\n\t\t\t\t<div class=\"elementor-element elementor-element-6e7ce7c elementor-widget elementor-widget-image\" data-id=\"6e7ce7c\" data-element_type=\"widget\" data-widget_type=\"image.default\">\n\t\t\t\t<div class=\"elementor-widget-container\">\n\t\t\t\t\t\t\t\t\t\t\t\t\t<img loading=\"lazy\" decoding=\"async\" width=\"150\" height=\"60\" src=\"https:\/\/diesse-electrosystem.it\/wp-content\/uploads\/2024\/07\/grafoplast-150.png\" class=\"attachment-large size-large wp-image-4630\" alt=\"\" \/>\t\t\t\t\t\t\t\t\t\t\t\t\t<\/div>\n\t\t\t\t<\/div>\n\t\t\t\t<div class=\"elementor-element elementor-element-45967b0 elementor-widget elementor-widget-image\" data-id=\"45967b0\" data-element_type=\"widget\" data-widget_type=\"image.default\">\n\t\t\t\t<div class=\"elementor-widget-container\">\n\t\t\t\t\t\t\t\t\t\t\t\t\t<img loading=\"lazy\" decoding=\"async\" width=\"150\" height=\"60\" src=\"https:\/\/diesse-electrosystem.it\/wp-content\/uploads\/2024\/07\/euro2000-150.png\" class=\"attachment-large size-large wp-image-4633\" alt=\"\" \/>\t\t\t\t\t\t\t\t\t\t\t\t\t<\/div>\n\t\t\t\t<\/div>\n\t\t\t\t<\/div>\n\t\t\t\t\t<\/div>\n\t\t\t\t<\/div>\n\t\t\t\t<\/div>\n\t\t","protected":false},"excerpt":{"rendered":"<p>Home Erweiterte Cookie-Politik Was sind Cookies?Cookies sind kleine Textdateien, die automatisch auf dem PC des Surfers innerhalb des Browsers abgelegt werden. Sie enthalten grundlegende Informationen \u00fcber die Internetnavigation und werden bei jedem Besuch der Website vom Browser erkannt. Von dieser Website verwendete Cookies Diese Website verwendet Cookies, einschlie\u00dflich Cookies von Drittanbietern, um das Surferlebnis zu verbessern und es Ihnen zu erm\u00f6glichen, unsere Online-Dienste zu nutzen und Werbung entsprechend Ihren Pr\u00e4ferenzen anzuzeigen. Die auf dieser Website verwendeten Cookies fallen in die unten beschriebenen Kategorien. Cookie-Verwaltung Technische CookiesF\u00fcr den Betrieb unbedingt erforderliche Aktivit\u00e4tenDiese Cookies sind technischer Natur und erm\u00f6glichen das korrekte Funktionieren der Website. Sie sorgen zum Beispiel daf\u00fcr, dass der Benutzer beim Surfen angemeldet bleibt, indem sie verhindern, dass sich der Benutzer mehrmals anmelden muss, um auf nachfolgende Seiten zuzugreifen. Speichern von Pr\u00e4ferenzenDiese Cookies erm\u00f6glichen es, die vom Nutzer beim Surfen gew\u00e4hlten Pr\u00e4ferenzen zu speichern, z. B. die Einstellung der Sprache. Statistische und publikumswirksame Aktivit\u00e4tenDiese Cookies helfen uns, anhand anonymer und aggregierter Daten zu verstehen, wie die Nutzer mit unseren Websites interagieren, indem sie uns Informationen \u00fcber die besuchten Abschnitte, die auf der Website verbrachte Zeit und eventuelle St\u00f6rungen liefern. Dies hilft uns, die Leistung unserer Websites zu verbessern. Statistische Cookies und Cookies zur Messung der Besucherzahlen von DrittanbieternDiese Cookies (Webdienste von Dritten) liefern anonyme\/zusammengefasste Informationen dar\u00fcber, wie Besucher auf der Website navigieren. Nachfolgend finden Sie Links zu den jeweiligen Seiten mit Datenschutzrichtlinien.Google Analytics mit einem Link zu https:\/\/www.google.com\/intl\/it_it\/analytics\/learn\/privacy.html Denken Sie daran, dass Sie Ihre Cookie-Einstellungen auch in Ihrem Browser verwalten k\u00f6nnen. Wenn Sie den Internet Explorer verwendenKlicken Sie im Internet Explorer auf \u201eExtras\u201c und dann auf \u201eInternetoptionen\u201c. Schieben Sie auf der Registerkarte \u201eDatenschutz\u201c den Schieberegler nach oben, um alle Cookies zu blockieren, oder nach unten, um alle Cookies zuzulassen, und klicken Sie dann auf \u201eOK\u201c.Wenn Sie den Firefox-Browser verwendenGehen Sie zum Men\u00fc \u201eExtras\u201c des Browsers und w\u00e4hlen Sie das Men\u00fc \u201eOptionen\u201c. Klicken Sie auf die Registerkarte \u201eDatenschutz\u201c, deaktivieren Sie das Kontrollk\u00e4stchen \u201eCookies akzeptieren\u201c und klicken Sie auf \u201eOK\u201c.Wenn Sie den Safari-Browser verwendenW\u00e4hlen Sie im Safari-Browser das Men\u00fc \u201eBearbeiten\u201c und w\u00e4hlen Sie \u201eEinstellungen\u201c. Klicken Sie auf \u201eDatenschutz\u201c. Setzen Sie die Einstellung \u201eCookies blockieren\u201c auf \u201eImmer\u201c und klicken Sie auf \u201eOK\u201c.Wenn Sie den Google Chrome-Browser verwendenKlicken Sie auf das Chrome-Men\u00fc in der Browser-Symbolleiste. W\u00e4hlen Sie \u201eEinstellungen\u201c. Klicken Sie auf \u201eErweiterte Einstellungen anzeigen\u201c. Klicken Sie im Abschnitt \u201eDatenschutz\u201c auf die Schaltfl\u00e4che \u201eInhaltseinstellungen\u201c. W\u00e4hlen Sie im Abschnitt \u201eCookies\u201c die Option \u201eWebsites nicht erlauben, Daten zu speichern\u201c und die Option \u201eCookies und Daten von Websites Dritter blockieren\u201c und klicken Sie dann auf OK.Wenn Sie einen anderen Browser verwenden, sehen Sie in den Browsereinstellungen nach, wie Cookies behandelt werden.<\/p>\n","protected":false},"author":1,"featured_media":0,"parent":0,"menu_order":0,"comment_status":"closed","ping_status":"closed","template":"","meta":{"_acf_changed":false,"inline_featured_image":false,"footnotes":""},"class_list":["post-6210","page","type-page","status-publish","hentry"],"acf":[],"_links":{"self":[{"href":"https:\/\/diesse-electrosystem.it\/de\/wp-json\/wp\/v2\/pages\/6210","targetHints":{"allow":["GET"]}}],"collection":[{"href":"https:\/\/diesse-electrosystem.it\/de\/wp-json\/wp\/v2\/pages"}],"about":[{"href":"https:\/\/diesse-electrosystem.it\/de\/wp-json\/wp\/v2\/types\/page"}],"author":[{"embeddable":true,"href":"https:\/\/diesse-electrosystem.it\/de\/wp-json\/wp\/v2\/users\/1"}],"replies":[{"embeddable":true,"href":"https:\/\/diesse-electrosystem.it\/de\/wp-json\/wp\/v2\/comments?post=6210"}],"version-history":[{"count":5,"href":"https:\/\/diesse-electrosystem.it\/de\/wp-json\/wp\/v2\/pages\/6210\/revisions"}],"predecessor-version":[{"id":6614,"href":"https:\/\/diesse-electrosystem.it\/de\/wp-json\/wp\/v2\/pages\/6210\/revisions\/6614"}],"wp:attachment":[{"href":"https:\/\/diesse-electrosystem.it\/de\/wp-json\/wp\/v2\/media?parent=6210"}],"curies":[{"name":"wp","href":"https:\/\/api.w.org\/{rel}","templated":true}]}}