{"id":6228,"date":"2024-07-19T16:08:00","date_gmt":"2024-07-19T14:08:00","guid":{"rendered":"https:\/\/diesse-electrosystem.it\/?page_id=6228"},"modified":"2026-02-17T15:00:47","modified_gmt":"2026-02-17T14:00:47","slug":"gebaeudeautomatisierung-smart-home","status":"publish","type":"page","link":"https:\/\/diesse-electrosystem.it\/de\/abteilungen\/gebaeudeautomatisierung-smart-home\/","title":{"rendered":"Geb\u00e4udeautomatisierung &#038; Smart Home"},"content":{"rendered":"\t\t<div data-elementor-type=\"wp-post\" data-elementor-id=\"6228\" class=\"elementor elementor-6228 elementor-4013\" data-elementor-post-type=\"page\">\n\t\t\t\t<div class=\"elementor-element elementor-element-80d6547 e-flex e-con-boxed wpr-particle-no wpr-jarallax-no wpr-parallax-no wpr-sticky-section-no e-con e-parent\" data-id=\"80d6547\" data-element_type=\"container\" data-settings=\"{&quot;background_background&quot;:&quot;classic&quot;}\">\n\t\t\t\t\t<div class=\"e-con-inner\">\n\t\t\t\t<div class=\"elementor-element elementor-element-20359a8 elementor-widget elementor-widget-slider_revolution\" data-id=\"20359a8\" data-element_type=\"widget\" data-widget_type=\"slider_revolution.default\">\n\t\t\t\t<div class=\"elementor-widget-container\">\n\t\t\t\n\t\t<div class=\"wp-block-themepunch-revslider\">\n\t\t\t<!-- START hero pagine interne REVOLUTION SLIDER 6.6.16 --><p class=\"rs-p-wp-fix\"><\/p>\n\t\t\t<rs-module-wrap id=\"rev_slider_7_1_wrapper\" data-source=\"post\" style=\"visibility:hidden;background:transparent;padding:0;margin:0px auto;margin-top:0;margin-bottom:0;\">\n\t\t\t\t<rs-module id=\"rev_slider_7_1\" style=\"\" data-version=\"6.6.16\">\n\t\t\t\t\t<rs-slides style=\"overflow: hidden; position: absolute;\">\n\t\t\t\t\t\t<rs-slide style=\"position: absolute;\" data-key=\"rs-6228\" data-title=\"Geb\u00e4udeautomatisierung &#038; Smart Home\" data-anim=\"ms:10;\" data-in=\"o:1;\" data-out=\"a:false;\" data-rsparticles='{\"responsive\":false,\"fback\":false,\"particles\":{\"shape\":\":RSV6.3.0+:circle|__|sun_2\",\"number\":65,\"size\":4},\"styles\":{\"particle\":{\"ocolor\":false,\"color\":\"#ffcc00,#ff3a2d,#ff7200,#f45116\",\"opacity\":80,\"opacityMin\":0,\"opacityRandom\":true,\"zIndex\":\"100\"}},\"movement\":{\"speed\":2,\"direction\":\"top\"},\"grab\":{\"crawl\":false,\"crawlMaxLines\":5},\"attract\":{\"distance\":200,\"force\":10},\"pulse\":{\"opacity\":{\"min\":1}},\"physics\":{\"gravity\":0,\"minGravity\":0,\"gravityDir\":\"bottom\",\"damping\":70,\"hDrift\":0,\"vDrift\":0},\"enable\":true}'>\n\t\t\t\t\t\t\t<img fetchpriority=\"high\" decoding=\"async\" src=\"\/\/diesse-electrosystem.it\/wp-content\/plugins\/revslider\/public\/assets\/assets\/dummy.png\" alt=\"\" title=\"diesse-pag-interne\" width=\"2500\" height=\"500\" class=\"rev-slidebg tp-rs-img rs-lazyload\" data-lazyload=\"\/\/diesse-electrosystem.it\/wp-content\/uploads\/2024\/07\/diesse-pag-interne.jpg\" data-no-retina>\n<!--\n\t\t\t\t\t\t\t--><rs-layer\n\t\t\t\t\t\t\t\tid=\"slider-7-slide-6228-layer-0\" \n\t\t\t\t\t\t\t\tdata-type=\"text\"\n\t\t\t\t\t\t\t\tdata-rsp_ch=\"on\"\n\t\t\t\t\t\t\t\tdata-xy=\"x:c,l,l,l;xo:-88px,0,0,0;y:m,b,b,b;yo:71px,0,0,0;\"\n\t\t\t\t\t\t\t\tdata-text=\"w:normal;s:40;l:45,80,60,37;fw:700;\"\n\t\t\t\t\t\t\t\tdata-dim=\"w:960px,846px,642px,418px;h:131px,171px,129px,118px;\"\n\t\t\t\t\t\t\t\tdata-margin=\"l:0,20,20,12;\"\n\t\t\t\t\t\t\t\tdata-padding=\"l:0,0,0,20;\"\n\t\t\t\t\t\t\t\tdata-frame_0=\"y:-100%;\"\n\t\t\t\t\t\t\t\tdata-frame_0_mask=\"u:t;\"\n\t\t\t\t\t\t\t\tdata-frame_1=\"st:300;sp:1200;sR:300;\"\n\t\t\t\t\t\t\t\tdata-frame_1_mask=\"u:t;\"\n\t\t\t\t\t\t\t\tdata-frame_999=\"o:0;st:w;sR:7500;\"\n\t\t\t\t\t\t\t\tstyle=\"z-index:8;font-family:'Inter';\"\n\t\t\t\t\t\t\t>Geb\u00e4udeautomatisierung & Smart Home \n\t\t\t\t\t\t\t<\/rs-layer><!--\n\n\t\t\t\t\t\t\t--><rs-layer\n\t\t\t\t\t\t\t\tid=\"slider-7-slide-6228-layer-1\" \n\t\t\t\t\t\t\t\tdata-type=\"shape\"\n\t\t\t\t\t\t\t\tdata-rsp_ch=\"on\"\n\t\t\t\t\t\t\t\tdata-xy=\"xo:0,0,0,-1px;y:b;yo:-32px,-26px,-19px,-2px;\"\n\t\t\t\t\t\t\t\tdata-text=\"w:normal;s:20,16,12,7;l:0,20,15,9;\"\n\t\t\t\t\t\t\t\tdata-dim=\"w:100%;h:180px,148px,112px,69px;\"\n\t\t\t\t\t\t\t\tdata-basealign=\"slide\"\n\t\t\t\t\t\t\t\tdata-frame_999=\"o:0;st:w;sR:8700;\"\n\t\t\t\t\t\t\t\tstyle=\"z-index:7;background:linear-gradient(rgba(25,10,0,0) 0%, rgba(25,10,0,1) 100%);\"\n\t\t\t\t\t\t\t> \n\t\t\t\t\t\t\t<\/rs-layer><!--\n\n\t\t\t\t\t\t\t--><rs-layer\n\t\t\t\t\t\t\t\tid=\"slider-7-slide-6228-layer-4\" \n\t\t\t\t\t\t\t\tclass=\"tp-shape tp-shapewrapper tp-particlewave\"\n\t\t\t\t\t\t\t\tdata-type=\"shape\"\n\t\t\t\t\t\t\t\tdata-rsp_ch=\"on\"\n\t\t\t\t\t\t\t\tdata-xy=\"xo:-157px,-129px,-98px,-34px;yo:-1px,0,0,178px;\"\n\t\t\t\t\t\t\t\tdata-text=\"w:normal;s:20,16,12,7;l:0,20,15,9;\"\n\t\t\t\t\t\t\t\tdata-dim=\"w:1587px,1310px,995px,688px;h:495px,408px,309px,276px;\"\n\t\t\t\t\t\t\t\tdata-frame_999=\"o:0;st:w;\"\n\t\t\t\t\t\t\t\t data-wpsdata='s:55%;c:100%;a:10%;g:11;an:0deg;t:0deg;sz:-51;dpr:1;particleSize:13;particleAmount:1500;gs:50%;oi:50%;lb:transparent;ddh:shiney;lo:5;b0:additive;a1:quarterPipe;e1:20deg;e2:23deg;e3:-20;e5:5;d3f:-20;d3a:4;d3m:1;ppfn:34;ppfsc:44;ppfsz:119;'\n\t\t\t\t\t\t\t\tstyle=\"z-index:9;background-color:rgba(0,0,0,0);\"\n\t\t\t\t\t\t\t> \n\t\t\t\t\t\t\t<\/rs-layer><!--\n-->\t\t\t\t\t\t<\/rs-slide>\n\t\t\t\t\t<\/rs-slides>\n\t\t\t\t<\/rs-module>\n\t\t\t\t<script>\n\t\t\t\t\tsetREVStartSize({c: 'rev_slider_7_1',rl:[1240,1024,778,480],el:[300,300,300,450],gw:[1240,1024,778,480],gh:[300,300,300,450],type:'hero',justify:'',layout:'fullwidth',mh:\"0\"});if (window.RS_MODULES!==undefined && window.RS_MODULES.modules!==undefined && window.RS_MODULES.modules[\"revslider71\"]!==undefined) {window.RS_MODULES.modules[\"revslider71\"].once = false;window.revapi7 = undefined;if (window.RS_MODULES.checkMinimal!==undefined) window.RS_MODULES.checkMinimal()}\n\t\t\t\t<\/script>\n\t\t\t<\/rs-module-wrap>\n\t\t\t<!-- END REVOLUTION SLIDER -->\n<\/div>\n\n\t\t\t\t<\/div>\n\t\t\t\t<\/div>\n\t\t\t\t\t<\/div>\n\t\t\t\t<\/div>\n\t\t<div class=\"elementor-element elementor-element-de5158f e-flex e-con-boxed wpr-particle-no wpr-jarallax-no wpr-parallax-no wpr-sticky-section-no e-con e-parent\" data-id=\"de5158f\" data-element_type=\"container\" data-settings=\"{&quot;background_background&quot;:&quot;classic&quot;}\">\n\t\t\t\t\t<div class=\"e-con-inner\">\n\t\t<div class=\"elementor-element elementor-element-e16f8d4 e-con-full e-flex wpr-particle-no wpr-jarallax-no wpr-parallax-no wpr-sticky-section-no e-con e-child\" data-id=\"e16f8d4\" data-element_type=\"container\">\n\t\t\t\t<div class=\"elementor-element elementor-element-75644a9 elementor-align-left elementor-widget elementor-widget-breadcrumbs\" data-id=\"75644a9\" data-element_type=\"widget\" data-widget_type=\"breadcrumbs.default\">\n\t\t\t\t<div class=\"elementor-widget-container\">\n\t\t\t<nav aria-label=\"breadcrumbs\" class=\"rank-math-breadcrumb\"><p><span class=\"last\">Home<\/span><\/p><\/nav>\t\t<\/div>\n\t\t\t\t<\/div>\n\t\t\t\t<\/div>\n\t\t\t\t\t<\/div>\n\t\t\t\t<\/div>\n\t\t<div class=\"elementor-element elementor-element-c022762 e-flex e-con-boxed wpr-particle-no wpr-jarallax-no wpr-parallax-no wpr-sticky-section-no e-con e-parent\" data-id=\"c022762\" data-element_type=\"container\" data-settings=\"{&quot;background_background&quot;:&quot;classic&quot;}\">\n\t\t\t\t\t<div class=\"e-con-inner\">\n\t\t<div class=\"elementor-element elementor-element-b97e399 e-con-full e-flex wpr-particle-no wpr-jarallax-no wpr-parallax-no wpr-sticky-section-no e-con e-child\" data-id=\"b97e399\" data-element_type=\"container\">\n\t\t\t\t<div class=\"elementor-element elementor-element-10dca6d animated-slow elementor-invisible elementor-widget elementor-widget-heading\" data-id=\"10dca6d\" data-element_type=\"widget\" data-settings=\"{&quot;_animation&quot;:&quot;fadeIn&quot;}\" data-widget_type=\"heading.default\">\n\t\t\t\t<div class=\"elementor-widget-container\">\n\t\t\t<h2 class=\"elementor-heading-title elementor-size-default\"> Geb\u00e4udeautomatisierung &amp; <span style=\"color: #009DDF\">Smart Home<\/span><\/h2>\t\t<\/div>\n\t\t\t\t<\/div>\n\t\t\t\t<\/div>\n\t\t<div class=\"elementor-element elementor-element-316675f e-con-full e-flex wpr-particle-no wpr-jarallax-no wpr-parallax-no wpr-sticky-section-no e-con e-child\" data-id=\"316675f\" data-element_type=\"container\">\n\t\t<div class=\"elementor-element elementor-element-0779b13 e-con-full e-flex wpr-particle-no wpr-jarallax-no wpr-parallax-no wpr-sticky-section-no e-con e-child\" data-id=\"0779b13\" data-element_type=\"container\">\n\t\t<a class=\"elementor-element elementor-element-9a22cf5 e-con-full e-flex wpr-particle-no wpr-jarallax-no wpr-parallax-no wpr-sticky-section-no e-con e-child\" data-id=\"9a22cf5\" data-element_type=\"container\" data-settings=\"{&quot;background_background&quot;:&quot;classic&quot;}\" href=\"https:\/\/diesse-electrosystem.it\/de\/abteilungen\/gebaeudeautomatisierung-smart-home\/hager-bocchiotti\/\">\n\t\t\t\t<\/a>\n\t\t<a class=\"elementor-element elementor-element-80a3943 e-con-full e-flex wpr-particle-no wpr-jarallax-no wpr-parallax-no wpr-sticky-section-no e-con e-child\" data-id=\"80a3943\" data-element_type=\"container\" data-settings=\"{&quot;background_background&quot;:&quot;classic&quot;}\" href=\"https:\/\/diesse-electrosystem.it\/de\/abteilungen\/gebaeudeautomatisierung-smart-home\/inset-di-hager-bocchiotti\/\">\n\t\t\t\t<\/a>\n\t\t<a class=\"elementor-element elementor-element-8ff5edc e-con-full e-flex wpr-particle-no wpr-jarallax-no wpr-parallax-no wpr-sticky-section-no e-con e-child\" data-id=\"8ff5edc\" data-element_type=\"container\" data-settings=\"{&quot;background_background&quot;:&quot;classic&quot;}\" href=\"https:\/\/diesse-electrosystem.it\/de\/abteilungen\/gebaeudeautomatisierung-smart-home\/pmflex\/\">\n\t\t\t\t<\/a>\n\t\t\t\t<\/div>\n\t\t\t\t<\/div>\n\t\t<div class=\"elementor-element elementor-element-c887dd9 e-con-full e-flex wpr-particle-no wpr-jarallax-no wpr-parallax-no wpr-sticky-section-no e-con e-child\" data-id=\"c887dd9\" data-element_type=\"container\">\n\t\t<div class=\"elementor-element elementor-element-8e6209e e-con-full e-flex wpr-particle-no wpr-jarallax-no wpr-parallax-no wpr-sticky-section-no e-con e-child\" data-id=\"8e6209e\" data-element_type=\"container\">\n\t\t<a class=\"elementor-element elementor-element-1a04d00 e-con-full e-flex wpr-particle-no wpr-jarallax-no wpr-parallax-no wpr-sticky-section-no e-con e-child\" data-id=\"1a04d00\" data-element_type=\"container\" data-settings=\"{&quot;background_background&quot;:&quot;classic&quot;}\" href=\"https:\/\/diesse-electrosystem.it\/de\/abteilungen\/gebaeudeautomatisierung-smart-home\/berker\/\">\n\t\t\t\t<\/a>\n\t\t<a class=\"elementor-element elementor-element-ed2d655 e-con-full e-flex wpr-particle-no wpr-jarallax-no wpr-parallax-no wpr-sticky-section-no e-con e-child\" data-id=\"ed2d655\" data-element_type=\"container\" data-settings=\"{&quot;background_background&quot;:&quot;classic&quot;}\" href=\"https:\/\/diesse-electrosystem.it\/de\/abteilungen\/gebaeudeautomatisierung-smart-home\/qubix\/\">\n\t\t\t\t<\/a>\n\t\t<a class=\"elementor-element elementor-element-c093bd4 e-con-full elementor-hidden-mobile e-flex wpr-particle-no wpr-jarallax-no wpr-parallax-no wpr-sticky-section-no e-con e-child\" data-id=\"c093bd4\" data-element_type=\"container\" data-settings=\"{&quot;background_background&quot;:&quot;classic&quot;}\" href=\"\/divisioni\/grafoplast\/\">\n\t\t\t\t<\/a>\n\t\t\t\t<\/div>\n\t\t\t\t<\/div>\n\t\t\t\t\t<\/div>\n\t\t\t\t<\/div>\n\t\t<div class=\"elementor-element elementor-element-019f06d e-flex e-con-boxed wpr-particle-no wpr-jarallax-no wpr-parallax-no wpr-sticky-section-no e-con e-parent\" data-id=\"019f06d\" data-element_type=\"container\" data-settings=\"{&quot;background_background&quot;:&quot;classic&quot;}\">\n\t\t\t\t\t<div class=\"e-con-inner\">\n\t\t\t\t<div class=\"elementor-element elementor-element-fefe604 animated-slow elementor-invisible elementor-widget elementor-widget-heading\" data-id=\"fefe604\" data-element_type=\"widget\" data-settings=\"{&quot;_animation&quot;:&quot;fadeIn&quot;}\" data-widget_type=\"heading.default\">\n\t\t\t\t<div class=\"elementor-widget-container\">\n\t\t\t<h2 class=\"elementor-heading-title elementor-size-default\">Kontakt<\/h2>\t\t<\/div>\n\t\t\t\t<\/div>\n\t\t\t\t<div class=\"elementor-element elementor-element-b8e9688 animated-slow elementor-invisible elementor-widget elementor-widget-text-editor\" data-id=\"b8e9688\" data-element_type=\"widget\" data-settings=\"{&quot;_animation&quot;:&quot;fadeIn&quot;}\" data-widget_type=\"text-editor.default\">\n\t\t\t\t<div class=\"elementor-widget-container\">\n\t\t\t\t\t\t\t<p>Ben\u00f6tigen Sie weitere Informationen \u00fcber<br \/>unsere Produkte oder Dienstleistungen?<\/p>\t\t\t\t\t\t<\/div>\n\t\t\t\t<\/div>\n\t\t\t\t<div class=\"elementor-element elementor-element-177690a animated-slow elementor-invisible elementor-widget elementor-widget-text-editor\" data-id=\"177690a\" data-element_type=\"widget\" data-settings=\"{&quot;_animation&quot;:&quot;fadeIn&quot;}\" data-widget_type=\"text-editor.default\">\n\t\t\t\t<div class=\"elementor-widget-container\">\n\t\t\t\t\t\t\t<p>Unser Expertenteam steht Ihnen zur Verf\u00fcgung, um Sie technisch zu beraten und<br \/>kundenspezifische Unterst\u00fctzung nach dem Verkauf.<\/p>\t\t\t\t\t\t<\/div>\n\t\t\t\t<\/div>\n\t\t\t\t<div class=\"elementor-element elementor-element-c02eced elementor-widget elementor-widget-elementskit-button\" data-id=\"c02eced\" data-element_type=\"widget\" data-widget_type=\"elementskit-button.default\">\n\t\t\t\t<div class=\"elementor-widget-container\">\n\t\t\t<div class=\"ekit-wid-con\" >\t\t<div class=\"ekit-btn-wraper\">\n\t\t\t\t\t\t\t<a href=\"https:\/\/diesse-electrosystem.it\/de\/kontakt\/\" class=\"elementskit-btn  whitespace--normal\" id=\"\">\n\t\t\t\t\tKontakt\t\t\t\t<\/a>\n\t\t\t\t\t<\/div>\n        <\/div>\t\t<\/div>\n\t\t\t\t<\/div>\n\t\t\t\t\t<\/div>\n\t\t\t\t<\/div>\n\t\t\t\t<\/div>\n\t\t","protected":false},"excerpt":{"rendered":"<p>Home Geb\u00e4udeautomatisierung &amp; Smart Home Kontakt Ben\u00f6tigen Sie weitere Informationen \u00fcberunsere Produkte oder Dienstleistungen? Unser Expertenteam steht Ihnen zur Verf\u00fcgung, um Sie technisch zu beraten undkundenspezifische Unterst\u00fctzung nach dem Verkauf. Kontakt<\/p>\n","protected":false},"author":1,"featured_media":0,"parent":6212,"menu_order":0,"comment_status":"closed","ping_status":"closed","template":"","meta":{"_acf_changed":false,"inline_featured_image":false,"footnotes":""},"class_list":["post-6228","page","type-page","status-publish","hentry"],"acf":[],"_links":{"self":[{"href":"https:\/\/diesse-electrosystem.it\/de\/wp-json\/wp\/v2\/pages\/6228","targetHints":{"allow":["GET"]}}],"collection":[{"href":"https:\/\/diesse-electrosystem.it\/de\/wp-json\/wp\/v2\/pages"}],"about":[{"href":"https:\/\/diesse-electrosystem.it\/de\/wp-json\/wp\/v2\/types\/page"}],"author":[{"embeddable":true,"href":"https:\/\/diesse-electrosystem.it\/de\/wp-json\/wp\/v2\/users\/1"}],"replies":[{"embeddable":true,"href":"https:\/\/diesse-electrosystem.it\/de\/wp-json\/wp\/v2\/comments?post=6228"}],"version-history":[{"count":14,"href":"https:\/\/diesse-electrosystem.it\/de\/wp-json\/wp\/v2\/pages\/6228\/revisions"}],"predecessor-version":[{"id":8034,"href":"https:\/\/diesse-electrosystem.it\/de\/wp-json\/wp\/v2\/pages\/6228\/revisions\/8034"}],"up":[{"embeddable":true,"href":"https:\/\/diesse-electrosystem.it\/de\/wp-json\/wp\/v2\/pages\/6212"}],"wp:attachment":[{"href":"https:\/\/diesse-electrosystem.it\/de\/wp-json\/wp\/v2\/media?parent=6228"}],"curies":[{"name":"wp","href":"https:\/\/api.w.org\/{rel}","templated":true}]}}