{"id":5740,"date":"2024-08-07T09:40:08","date_gmt":"2024-08-07T07:40:08","guid":{"rendered":"https:\/\/diesse-electrosystem.it\/?page_id=5740"},"modified":"2025-03-06T10:27:11","modified_gmt":"2025-03-06T09:27:11","slug":"about-us-en","status":"publish","type":"page","link":"https:\/\/diesse-electrosystem.it\/en\/about-us-en\/","title":{"rendered":"About Us"},"content":{"rendered":"\t\t<div data-elementor-type=\"wp-page\" data-elementor-id=\"5740\" class=\"elementor elementor-5740 elementor-5755\" data-elementor-post-type=\"page\">\n\t\t\t\t<div class=\"elementor-element elementor-element-71ca8ccd e-flex e-con-boxed wpr-particle-no wpr-jarallax-no wpr-parallax-no wpr-sticky-section-no e-con e-parent\" data-id=\"71ca8ccd\" data-element_type=\"container\" data-settings=\"{&quot;background_background&quot;:&quot;classic&quot;}\">\n\t\t\t\t\t<div class=\"e-con-inner\">\n\t\t\t\t<div class=\"elementor-element elementor-element-34f5fe21 elementor-widget elementor-widget-slider_revolution\" data-id=\"34f5fe21\" data-element_type=\"widget\" data-widget_type=\"slider_revolution.default\">\n\t\t\t\t<div class=\"elementor-widget-container\">\n\t\t\t\n\t\t<div class=\"wp-block-themepunch-revslider\">\n\t\t\t<!-- START hero pagine interne REVOLUTION SLIDER 6.6.16 --><p class=\"rs-p-wp-fix\"><\/p>\n\t\t\t<rs-module-wrap id=\"rev_slider_7_1_wrapper\" data-source=\"post\" style=\"visibility:hidden;background:transparent;padding:0;margin:0px auto;margin-top:0;margin-bottom:0;\">\n\t\t\t\t<rs-module id=\"rev_slider_7_1\" style=\"\" data-version=\"6.6.16\">\n\t\t\t\t\t<rs-slides style=\"overflow: hidden; position: absolute;\">\n\t\t\t\t\t\t<rs-slide style=\"position: absolute;\" data-key=\"rs-5740\" data-title=\"About Us\" data-anim=\"ms:10;\" data-in=\"o:1;\" data-out=\"a:false;\" data-rsparticles='{\"responsive\":false,\"fback\":false,\"particles\":{\"shape\":\":RSV6.3.0+:circle|__|sun_2\",\"number\":65,\"size\":4},\"styles\":{\"particle\":{\"ocolor\":false,\"color\":\"#ffcc00,#ff3a2d,#ff7200,#f45116\",\"opacity\":80,\"opacityMin\":0,\"opacityRandom\":true,\"zIndex\":\"100\"}},\"movement\":{\"speed\":2,\"direction\":\"top\"},\"grab\":{\"crawl\":false,\"crawlMaxLines\":5},\"attract\":{\"distance\":200,\"force\":10},\"pulse\":{\"opacity\":{\"min\":1}},\"physics\":{\"gravity\":0,\"minGravity\":0,\"gravityDir\":\"bottom\",\"damping\":70,\"hDrift\":0,\"vDrift\":0},\"enable\":true}'>\n\t\t\t\t\t\t\t<img fetchpriority=\"high\" decoding=\"async\" src=\"\/\/diesse-electrosystem.it\/wp-content\/plugins\/revslider\/public\/assets\/assets\/dummy.png\" alt=\"\" title=\"diesse-pag-interne\" width=\"2500\" height=\"500\" class=\"rev-slidebg tp-rs-img rs-lazyload\" data-lazyload=\"\/\/diesse-electrosystem.it\/wp-content\/uploads\/2024\/07\/diesse-pag-interne.jpg\" data-no-retina>\n<!--\n\t\t\t\t\t\t\t--><rs-layer\n\t\t\t\t\t\t\t\tid=\"slider-7-slide-5740-layer-0\" \n\t\t\t\t\t\t\t\tdata-type=\"text\"\n\t\t\t\t\t\t\t\tdata-rsp_ch=\"on\"\n\t\t\t\t\t\t\t\tdata-xy=\"x:c,l,l,l;xo:-88px,0,0,0;y:m,b,b,b;yo:71px,0,0,0;\"\n\t\t\t\t\t\t\t\tdata-text=\"w:normal;s:40;l:45,80,60,37;fw:700;\"\n\t\t\t\t\t\t\t\tdata-dim=\"w:960px,846px,642px,418px;h:131px,171px,129px,118px;\"\n\t\t\t\t\t\t\t\tdata-margin=\"l:0,20,20,12;\"\n\t\t\t\t\t\t\t\tdata-padding=\"l:0,0,0,20;\"\n\t\t\t\t\t\t\t\tdata-frame_0=\"y:-100%;\"\n\t\t\t\t\t\t\t\tdata-frame_0_mask=\"u:t;\"\n\t\t\t\t\t\t\t\tdata-frame_1=\"st:300;sp:1200;sR:300;\"\n\t\t\t\t\t\t\t\tdata-frame_1_mask=\"u:t;\"\n\t\t\t\t\t\t\t\tdata-frame_999=\"o:0;st:w;sR:7500;\"\n\t\t\t\t\t\t\t\tstyle=\"z-index:8;font-family:'Inter';\"\n\t\t\t\t\t\t\t>About Us \n\t\t\t\t\t\t\t<\/rs-layer><!--\n\n\t\t\t\t\t\t\t--><rs-layer\n\t\t\t\t\t\t\t\tid=\"slider-7-slide-5740-layer-1\" \n\t\t\t\t\t\t\t\tdata-type=\"shape\"\n\t\t\t\t\t\t\t\tdata-rsp_ch=\"on\"\n\t\t\t\t\t\t\t\tdata-xy=\"xo:0,0,0,-1px;y:b;yo:-32px,-26px,-19px,-2px;\"\n\t\t\t\t\t\t\t\tdata-text=\"w:normal;s:20,16,12,7;l:0,20,15,9;\"\n\t\t\t\t\t\t\t\tdata-dim=\"w:100%;h:180px,148px,112px,69px;\"\n\t\t\t\t\t\t\t\tdata-basealign=\"slide\"\n\t\t\t\t\t\t\t\tdata-frame_999=\"o:0;st:w;sR:8700;\"\n\t\t\t\t\t\t\t\tstyle=\"z-index:7;background:linear-gradient(rgba(25,10,0,0) 0%, rgba(25,10,0,1) 100%);\"\n\t\t\t\t\t\t\t> \n\t\t\t\t\t\t\t<\/rs-layer><!--\n\n\t\t\t\t\t\t\t--><rs-layer\n\t\t\t\t\t\t\t\tid=\"slider-7-slide-5740-layer-4\" \n\t\t\t\t\t\t\t\tclass=\"tp-shape tp-shapewrapper tp-particlewave\"\n\t\t\t\t\t\t\t\tdata-type=\"shape\"\n\t\t\t\t\t\t\t\tdata-rsp_ch=\"on\"\n\t\t\t\t\t\t\t\tdata-xy=\"xo:-157px,-129px,-98px,-34px;yo:-1px,0,0,178px;\"\n\t\t\t\t\t\t\t\tdata-text=\"w:normal;s:20,16,12,7;l:0,20,15,9;\"\n\t\t\t\t\t\t\t\tdata-dim=\"w:1587px,1310px,995px,688px;h:495px,408px,309px,276px;\"\n\t\t\t\t\t\t\t\tdata-frame_999=\"o:0;st:w;\"\n\t\t\t\t\t\t\t\t data-wpsdata='s:55%;c:100%;a:10%;g:11;an:0deg;t:0deg;sz:-51;dpr:1;particleSize:13;particleAmount:1500;gs:50%;oi:50%;lb:transparent;ddh:shiney;lo:5;b0:additive;a1:quarterPipe;e1:20deg;e2:23deg;e3:-20;e5:5;d3f:-20;d3a:4;d3m:1;ppfn:34;ppfsc:44;ppfsz:119;'\n\t\t\t\t\t\t\t\tstyle=\"z-index:9;background-color:rgba(0,0,0,0);\"\n\t\t\t\t\t\t\t> \n\t\t\t\t\t\t\t<\/rs-layer><!--\n-->\t\t\t\t\t\t<\/rs-slide>\n\t\t\t\t\t<\/rs-slides>\n\t\t\t\t<\/rs-module>\n\t\t\t\t<script>\n\t\t\t\t\tsetREVStartSize({c: 'rev_slider_7_1',rl:[1240,1024,778,480],el:[300,300,300,450],gw:[1240,1024,778,480],gh:[300,300,300,450],type:'hero',justify:'',layout:'fullwidth',mh:\"0\"});if (window.RS_MODULES!==undefined && window.RS_MODULES.modules!==undefined && window.RS_MODULES.modules[\"revslider71\"]!==undefined) {window.RS_MODULES.modules[\"revslider71\"].once = false;window.revapi7 = undefined;if (window.RS_MODULES.checkMinimal!==undefined) window.RS_MODULES.checkMinimal()}\n\t\t\t\t<\/script>\n\t\t\t<\/rs-module-wrap>\n\t\t\t<!-- END REVOLUTION SLIDER -->\n<\/div>\n\n\t\t\t\t<\/div>\n\t\t\t\t<\/div>\n\t\t\t\t\t<\/div>\n\t\t\t\t<\/div>\n\t\t<div class=\"elementor-element elementor-element-6ae59026 e-flex e-con-boxed wpr-particle-no wpr-jarallax-no wpr-parallax-no wpr-sticky-section-no e-con e-parent\" data-id=\"6ae59026\" data-element_type=\"container\" data-settings=\"{&quot;background_background&quot;:&quot;classic&quot;}\">\n\t\t\t\t\t<div class=\"e-con-inner\">\n\t\t<div class=\"elementor-element elementor-element-1414d657 e-con-full e-flex wpr-particle-no wpr-jarallax-no wpr-parallax-no wpr-sticky-section-no e-con e-child\" data-id=\"1414d657\" data-element_type=\"container\">\n\t\t\t\t<div class=\"elementor-element elementor-element-268fa7df elementor-align-left elementor-widget elementor-widget-breadcrumbs\" data-id=\"268fa7df\" data-element_type=\"widget\" data-widget_type=\"breadcrumbs.default\">\n\t\t\t\t<div class=\"elementor-widget-container\">\n\t\t\t<nav aria-label=\"breadcrumbs\" class=\"rank-math-breadcrumb\"><p><span class=\"last\">Home<\/span><\/p><\/nav>\t\t<\/div>\n\t\t\t\t<\/div>\n\t\t\t\t<\/div>\n\t\t\t\t\t<\/div>\n\t\t\t\t<\/div>\n\t\t<div class=\"elementor-element elementor-element-49824066 e-flex e-con-boxed wpr-particle-no wpr-jarallax-no wpr-parallax-no wpr-sticky-section-no e-con e-parent\" data-id=\"49824066\" data-element_type=\"container\" data-settings=\"{&quot;background_background&quot;:&quot;classic&quot;}\">\n\t\t\t\t\t<div class=\"e-con-inner\">\n\t\t<div class=\"elementor-element elementor-element-601cacb6 e-con-full e-flex wpr-particle-no wpr-jarallax-no wpr-parallax-no wpr-sticky-section-no e-con e-child\" data-id=\"601cacb6\" data-element_type=\"container\">\n\t\t\t\t<div class=\"elementor-element elementor-element-26368126 animated-slow elementor-invisible elementor-widget elementor-widget-text-editor\" data-id=\"26368126\" data-element_type=\"widget\" data-settings=\"{&quot;_animation&quot;:&quot;fadeIn&quot;}\" data-widget_type=\"text-editor.default\">\n\t\t\t\t<div class=\"elementor-widget-container\">\n\t\t\t\t\t\t\t<p>Dal 1998 operiamo nel settore del materiale elettrico con lo scopo di garantire alla nostra clientela e alle aziende che rappresentiamo una sempre maggiore professionalit\u00e0 e affidabilit\u00e0.<\/p>\n\t\t\t\t\t\t<\/div>\n\t\t\t\t<\/div>\n\t\t\t\t<\/div>\n\t\t<div class=\"elementor-element elementor-element-152f9316 e-con-full e-flex wpr-particle-no wpr-jarallax-no wpr-parallax-no wpr-sticky-section-no e-con e-child\" data-id=\"152f9316\" data-element_type=\"container\">\n\t\t\t\t<div class=\"elementor-element elementor-element-3b3af578 elementor-widget elementor-widget-text-editor\" data-id=\"3b3af578\" data-element_type=\"widget\" data-widget_type=\"text-editor.default\">\n\t\t\t\t<div class=\"elementor-widget-container\">\n\t\t\t\t\t\t\t<p>Il progetto aziendale \u00e8 basato su pochi principi cardine e mira ad avere un\u2019 ampia e innovativa base di collaborazione con le aziende mandanti, segue una linea chiara, mette in campo piani di lavoro e attivit\u00e0 in linea con le politiche e le strategie delle aziende rappresentate, politiche concordanti con tutta la clientela distributiva che viene coinvolta con la sua stessa struttura di vendita.<\/p>\n\t\t\t\t\t\t<\/div>\n\t\t\t\t<\/div>\n\t\t\t\t<\/div>\n\t\t\t\t\t<\/div>\n\t\t\t\t<\/div>\n\t\t<div class=\"elementor-element elementor-element-71fe74e1 e-con-full e-flex wpr-particle-no wpr-jarallax-no wpr-parallax-no wpr-sticky-section-no e-con e-parent\" data-id=\"71fe74e1\" data-element_type=\"container\" data-settings=\"{&quot;background_background&quot;:&quot;classic&quot;}\">\n\t\t<div class=\"elementor-element elementor-element-7af894ee e-con-full e-flex wpr-particle-no wpr-jarallax-no wpr-parallax-no wpr-sticky-section-no e-con e-child\" data-id=\"7af894ee\" data-element_type=\"container\" data-settings=\"{&quot;background_background&quot;:&quot;classic&quot;}\">\n\t\t\t\t<\/div>\n\t\t<div class=\"elementor-element elementor-element-47fa5a18 e-con-full e-flex wpr-particle-no wpr-jarallax-no wpr-parallax-no wpr-sticky-section-no e-con e-child\" data-id=\"47fa5a18\" data-element_type=\"container\">\n\t\t<div class=\"elementor-element elementor-element-961f5f6 e-con-full e-flex wpr-particle-no wpr-jarallax-no wpr-parallax-no wpr-sticky-section-no e-con e-child\" data-id=\"961f5f6\" data-element_type=\"container\">\n\t\t\t\t<div class=\"elementor-element elementor-element-2ec46de0 animated-slow elementor-invisible elementor-widget elementor-widget-text-editor\" data-id=\"2ec46de0\" data-element_type=\"widget\" data-settings=\"{&quot;_animation&quot;:&quot;fadeIn&quot;}\" data-widget_type=\"text-editor.default\">\n\t\t\t\t<div class=\"elementor-widget-container\">\n\t\t\t\t\t\t\t<p>Per arrivare a questo, Diesse Electrosystem ha creato una struttura coesa in grado di rappresentare al meglio aziende leader potenzialmente complementari tra loro.<\/p>\n\t\t\t\t\t\t<\/div>\n\t\t\t\t<\/div>\n\t\t\t\t<div class=\"elementor-element elementor-element-3bf8dc9e elementor-widget elementor-widget-text-editor\" data-id=\"3bf8dc9e\" data-element_type=\"widget\" data-widget_type=\"text-editor.default\">\n\t\t\t\t<div class=\"elementor-widget-container\">\n\t\t\t\t\t\t\t<p>Per arrivare a questo, Diesse Electrosystem ha creato una struttura coesa in grado di rappresentare al meglio aziende leader potenzialmente complementari tra loro.<\/p>\n<p>Sviluppare un\u2019ampia policultura di valori professionali, non \u00e8 stata solo un\u2019ambizione, ma soprattutto una necessit\u00e0.Il linguaggio, le attivit\u00e0, le conoscenze e la formazione giocano un ruolo fondamentale nel contesto in cui opera l\u2019Azienda e pertanto ne costituiscono il suo punto di forza.<\/p>\n<p>Questi elementi uniti ad uno stile esclusivo la contraddistinguono e le permettono di operare ad un livello di eccellenza. La nostra struttura \u00e8 organizzata per garantire un servizio tempestivo di preventivazione, supporto tecnico-commerciale e back office.<br \/>Il legame instaurato con i punti vendita dei principali distributori di materiale elettrico, ci permette di partecipare alla configurazione del loro portafoglio d\u2019offerta mediante la definizione di contratti di fornitura e di allestimento degli stock di magazzino.<\/p>\n<p>Abbiamo un costante interscambio di informazioni con i distributori di materiale elettrico grazie alle nostre promozioni al banco, alle attivit\u00e0 di formazione del personale e alle visite dedicate. <br \/>Agli utilizzatori dei prodotti da noi trattati offriamo un supporto costante, garantendo un aggiornamento tempestivo riguardo le evoluzioni tecnologiche, i prodotti e le promozioni commerciali, al fine di permettere ai nostri clienti di essere sempre competitivi e all\u2019avanguardia.<\/p>\n\t\t\t\t\t\t<\/div>\n\t\t\t\t<\/div>\n\t\t\t\t<div class=\"elementor-element elementor-element-21322370 elementor-widget elementor-widget-elementskit-button\" data-id=\"21322370\" data-element_type=\"widget\" data-widget_type=\"elementskit-button.default\">\n\t\t\t\t<div class=\"elementor-widget-container\">\n\t\t\t<div class=\"ekit-wid-con\" >\t\t<div class=\"ekit-btn-wraper\">\n\t\t\t\t\t\t\t<a href=\"https:\/\/diesse-electrosystem.it\/en\/services\/\" class=\"elementskit-btn  whitespace--normal\" id=\"\">\n\t\t\t\t\tScopri i nostri servizi\t\t\t\t<\/a>\n\t\t\t\t\t<\/div>\n        <\/div>\t\t<\/div>\n\t\t\t\t<\/div>\n\t\t\t\t<\/div>\n\t\t\t\t<\/div>\n\t\t\t\t<\/div>\n\t\t<div class=\"elementor-element elementor-element-43696cc7 e-flex e-con-boxed wpr-particle-no wpr-jarallax-no wpr-parallax-no wpr-sticky-section-no e-con e-parent\" data-id=\"43696cc7\" data-element_type=\"container\" data-settings=\"{&quot;background_background&quot;:&quot;classic&quot;}\">\n\t\t\t\t\t<div class=\"e-con-inner\">\n\t\t\t\t<div class=\"elementor-element elementor-element-4b5d8e83 animated-slow elementor-invisible elementor-widget elementor-widget-heading\" data-id=\"4b5d8e83\" data-element_type=\"widget\" data-settings=\"{&quot;_animation&quot;:&quot;fadeIn&quot;}\" data-widget_type=\"heading.default\">\n\t\t\t\t<div class=\"elementor-widget-container\">\n\t\t\t<h2 class=\"elementor-heading-title elementor-size-default\">Contatti<\/h2>\t\t<\/div>\n\t\t\t\t<\/div>\n\t\t\t\t<div class=\"elementor-element elementor-element-2028cb40 animated-slow elementor-invisible elementor-widget elementor-widget-text-editor\" data-id=\"2028cb40\" data-element_type=\"widget\" data-settings=\"{&quot;_animation&quot;:&quot;fadeIn&quot;}\" data-widget_type=\"text-editor.default\">\n\t\t\t\t<div class=\"elementor-widget-container\">\n\t\t\t\t\t\t\t<p>Hai bisogno di maggiori informazioni sui <br \/>nostri prodotti o servizi?<\/p>\n\t\t\t\t\t\t<\/div>\n\t\t\t\t<\/div>\n\t\t\t\t<div class=\"elementor-element elementor-element-2566a385 animated-slow elementor-invisible elementor-widget elementor-widget-text-editor\" data-id=\"2566a385\" data-element_type=\"widget\" data-settings=\"{&quot;_animation&quot;:&quot;fadeIn&quot;}\" data-widget_type=\"text-editor.default\">\n\t\t\t\t<div class=\"elementor-widget-container\">\n\t\t\t\t\t\t\t<p>Il nostro team di esperti \u00e8 a tua disposizione per fornirti consulenza tecnica e<br \/>supporto post-vendita personalizzati.<\/p>\n\t\t\t\t\t\t<\/div>\n\t\t\t\t<\/div>\n\t\t\t\t<div class=\"elementor-element elementor-element-645c7d19 elementor-widget elementor-widget-elementskit-button\" data-id=\"645c7d19\" data-element_type=\"widget\" data-widget_type=\"elementskit-button.default\">\n\t\t\t\t<div class=\"elementor-widget-container\">\n\t\t\t<div class=\"ekit-wid-con\" >\t\t<div class=\"ekit-btn-wraper\">\n\t\t\t\t\t\t\t<a href=\"https:\/\/diesse-electrosystem.it\/en\/contact\/\" class=\"elementskit-btn  whitespace--normal\" id=\"\">\n\t\t\t\t\tContact us\t\t\t\t<\/a>\n\t\t\t\t\t<\/div>\n        <\/div>\t\t<\/div>\n\t\t\t\t<\/div>\n\t\t\t\t\t<\/div>\n\t\t\t\t<\/div>\n\t\t\t\t<\/div>\n\t\t","protected":false},"excerpt":{"rendered":"<p>Home Dal 1998 operiamo nel settore del materiale elettrico con lo scopo di garantire alla nostra clientela e alle aziende che rappresentiamo una sempre maggiore professionalit\u00e0 e affidabilit\u00e0. Il progetto aziendale \u00e8 basato su pochi principi cardine e mira ad avere un\u2019 ampia e innovativa base di collaborazione con le aziende mandanti, segue una linea chiara, mette in campo piani di lavoro e attivit\u00e0 in linea con le politiche e le strategie delle aziende rappresentate, politiche concordanti con tutta la clientela distributiva che viene coinvolta con la sua stessa struttura di vendita. Per arrivare a questo, Diesse Electrosystem ha creato una struttura coesa in grado di rappresentare al meglio aziende leader potenzialmente complementari tra loro. Per arrivare a questo, Diesse Electrosystem ha creato una struttura coesa in grado di rappresentare al meglio aziende leader potenzialmente complementari tra loro. Sviluppare un\u2019ampia policultura di valori professionali, non \u00e8 stata solo un\u2019ambizione, ma soprattutto una necessit\u00e0.Il linguaggio, le attivit\u00e0, le conoscenze e la formazione giocano un ruolo fondamentale nel contesto in cui opera l\u2019Azienda e pertanto ne costituiscono il suo punto di forza. Questi elementi uniti ad uno stile esclusivo la contraddistinguono e le permettono di operare ad un livello di eccellenza. La nostra struttura \u00e8 organizzata per garantire un servizio tempestivo di preventivazione, supporto tecnico-commerciale e back office.Il legame instaurato con i punti vendita dei principali distributori di materiale elettrico, ci permette di partecipare alla configurazione del loro portafoglio d\u2019offerta mediante la definizione di contratti di fornitura e di allestimento degli stock di magazzino. Abbiamo un costante interscambio di informazioni con i distributori di materiale elettrico grazie alle nostre promozioni al banco, alle attivit\u00e0 di formazione del personale e alle visite dedicate. Agli utilizzatori dei prodotti da noi trattati offriamo un supporto costante, garantendo un aggiornamento tempestivo riguardo le evoluzioni tecnologiche, i prodotti e le promozioni commerciali, al fine di permettere ai nostri clienti di essere sempre competitivi e all\u2019avanguardia. Scopri i nostri servizi Contatti Hai bisogno di maggiori informazioni sui nostri prodotti o servizi? Il nostro team di esperti \u00e8 a tua disposizione per fornirti consulenza tecnica esupporto post-vendita personalizzati. Contact us<\/p>\n","protected":false},"author":1,"featured_media":0,"parent":0,"menu_order":0,"comment_status":"closed","ping_status":"closed","template":"","meta":{"_acf_changed":false,"inline_featured_image":false,"footnotes":""},"class_list":["post-5740","page","type-page","status-publish","hentry"],"acf":[],"_links":{"self":[{"href":"https:\/\/diesse-electrosystem.it\/en\/wp-json\/wp\/v2\/pages\/5740","targetHints":{"allow":["GET"]}}],"collection":[{"href":"https:\/\/diesse-electrosystem.it\/en\/wp-json\/wp\/v2\/pages"}],"about":[{"href":"https:\/\/diesse-electrosystem.it\/en\/wp-json\/wp\/v2\/types\/page"}],"author":[{"embeddable":true,"href":"https:\/\/diesse-electrosystem.it\/en\/wp-json\/wp\/v2\/users\/1"}],"replies":[{"embeddable":true,"href":"https:\/\/diesse-electrosystem.it\/en\/wp-json\/wp\/v2\/comments?post=5740"}],"version-history":[{"count":9,"href":"https:\/\/diesse-electrosystem.it\/en\/wp-json\/wp\/v2\/pages\/5740\/revisions"}],"predecessor-version":[{"id":7391,"href":"https:\/\/diesse-electrosystem.it\/en\/wp-json\/wp\/v2\/pages\/5740\/revisions\/7391"}],"wp:attachment":[{"href":"https:\/\/diesse-electrosystem.it\/en\/wp-json\/wp\/v2\/media?parent=5740"}],"curies":[{"name":"wp","href":"https:\/\/api.w.org\/{rel}","templated":true}]}}