{"id":5838,"date":"2024-08-07T14:23:38","date_gmt":"2024-08-07T12:23:38","guid":{"rendered":"https:\/\/diesse-electrosystem.it\/lavora-con-noi\/"},"modified":"2024-08-08T15:27:44","modified_gmt":"2024-08-08T13:27:44","slug":"work-with-us","status":"publish","type":"page","link":"https:\/\/diesse-electrosystem.it\/en\/work-with-us\/","title":{"rendered":"Work with us"},"content":{"rendered":"\t\t<div data-elementor-type=\"wp-post\" data-elementor-id=\"5838\" class=\"elementor elementor-5838 elementor-5834\" data-elementor-post-type=\"page\">\n\t\t\t\t<div class=\"elementor-element elementor-element-80d6547 e-flex e-con-boxed wpr-particle-no wpr-jarallax-no wpr-parallax-no wpr-sticky-section-no e-con e-parent\" data-id=\"80d6547\" data-element_type=\"container\" data-settings=\"{&quot;background_background&quot;:&quot;classic&quot;}\">\n\t\t\t\t\t<div class=\"e-con-inner\">\n\t\t\t\t<div class=\"elementor-element elementor-element-20359a8 elementor-widget elementor-widget-slider_revolution\" data-id=\"20359a8\" data-element_type=\"widget\" data-widget_type=\"slider_revolution.default\">\n\t\t\t\t<div class=\"elementor-widget-container\">\n\t\t\t\n\t\t<div class=\"wp-block-themepunch-revslider\">\n\t\t\t<!-- START hero pagine interne REVOLUTION SLIDER 6.6.16 --><p class=\"rs-p-wp-fix\"><\/p>\n\t\t\t<rs-module-wrap id=\"rev_slider_7_1_wrapper\" data-source=\"post\" style=\"visibility:hidden;background:transparent;padding:0;margin:0px auto;margin-top:0;margin-bottom:0;\">\n\t\t\t\t<rs-module id=\"rev_slider_7_1\" style=\"\" data-version=\"6.6.16\">\n\t\t\t\t\t<rs-slides style=\"overflow: hidden; position: absolute;\">\n\t\t\t\t\t\t<rs-slide style=\"position: absolute;\" data-key=\"rs-5838\" data-title=\"Work with us\" data-anim=\"ms:10;\" data-in=\"o:1;\" data-out=\"a:false;\" data-rsparticles='{\"responsive\":false,\"fback\":false,\"particles\":{\"shape\":\":RSV6.3.0+:circle|__|sun_2\",\"number\":65,\"size\":4},\"styles\":{\"particle\":{\"ocolor\":false,\"color\":\"#ffcc00,#ff3a2d,#ff7200,#f45116\",\"opacity\":80,\"opacityMin\":0,\"opacityRandom\":true,\"zIndex\":\"100\"}},\"movement\":{\"speed\":2,\"direction\":\"top\"},\"grab\":{\"crawl\":false,\"crawlMaxLines\":5},\"attract\":{\"distance\":200,\"force\":10},\"pulse\":{\"opacity\":{\"min\":1}},\"physics\":{\"gravity\":0,\"minGravity\":0,\"gravityDir\":\"bottom\",\"damping\":70,\"hDrift\":0,\"vDrift\":0},\"enable\":true}'>\n\t\t\t\t\t\t\t<img fetchpriority=\"high\" decoding=\"async\" src=\"\/\/diesse-electrosystem.it\/wp-content\/plugins\/revslider\/public\/assets\/assets\/dummy.png\" alt=\"\" title=\"diesse-pag-interne\" width=\"2500\" height=\"500\" class=\"rev-slidebg tp-rs-img rs-lazyload\" data-lazyload=\"\/\/diesse-electrosystem.it\/wp-content\/uploads\/2024\/07\/diesse-pag-interne.jpg\" data-no-retina>\n<!--\n\t\t\t\t\t\t\t--><rs-layer\n\t\t\t\t\t\t\t\tid=\"slider-7-slide-5838-layer-0\" \n\t\t\t\t\t\t\t\tdata-type=\"text\"\n\t\t\t\t\t\t\t\tdata-rsp_ch=\"on\"\n\t\t\t\t\t\t\t\tdata-xy=\"x:c,l,l,l;xo:-88px,0,0,0;y:m,b,b,b;yo:71px,0,0,0;\"\n\t\t\t\t\t\t\t\tdata-text=\"w:normal;s:40;l:45,80,60,37;fw:700;\"\n\t\t\t\t\t\t\t\tdata-dim=\"w:960px,846px,642px,418px;h:131px,171px,129px,118px;\"\n\t\t\t\t\t\t\t\tdata-margin=\"l:0,20,20,12;\"\n\t\t\t\t\t\t\t\tdata-padding=\"l:0,0,0,20;\"\n\t\t\t\t\t\t\t\tdata-frame_0=\"y:-100%;\"\n\t\t\t\t\t\t\t\tdata-frame_0_mask=\"u:t;\"\n\t\t\t\t\t\t\t\tdata-frame_1=\"st:300;sp:1200;sR:300;\"\n\t\t\t\t\t\t\t\tdata-frame_1_mask=\"u:t;\"\n\t\t\t\t\t\t\t\tdata-frame_999=\"o:0;st:w;sR:7500;\"\n\t\t\t\t\t\t\t\tstyle=\"z-index:8;font-family:'Inter';\"\n\t\t\t\t\t\t\t>Work with us \n\t\t\t\t\t\t\t<\/rs-layer><!--\n\n\t\t\t\t\t\t\t--><rs-layer\n\t\t\t\t\t\t\t\tid=\"slider-7-slide-5838-layer-1\" \n\t\t\t\t\t\t\t\tdata-type=\"shape\"\n\t\t\t\t\t\t\t\tdata-rsp_ch=\"on\"\n\t\t\t\t\t\t\t\tdata-xy=\"xo:0,0,0,-1px;y:b;yo:-32px,-26px,-19px,-2px;\"\n\t\t\t\t\t\t\t\tdata-text=\"w:normal;s:20,16,12,7;l:0,20,15,9;\"\n\t\t\t\t\t\t\t\tdata-dim=\"w:100%;h:180px,148px,112px,69px;\"\n\t\t\t\t\t\t\t\tdata-basealign=\"slide\"\n\t\t\t\t\t\t\t\tdata-frame_999=\"o:0;st:w;sR:8700;\"\n\t\t\t\t\t\t\t\tstyle=\"z-index:7;background:linear-gradient(rgba(25,10,0,0) 0%, rgba(25,10,0,1) 100%);\"\n\t\t\t\t\t\t\t> \n\t\t\t\t\t\t\t<\/rs-layer><!--\n\n\t\t\t\t\t\t\t--><rs-layer\n\t\t\t\t\t\t\t\tid=\"slider-7-slide-5838-layer-4\" \n\t\t\t\t\t\t\t\tclass=\"tp-shape tp-shapewrapper tp-particlewave\"\n\t\t\t\t\t\t\t\tdata-type=\"shape\"\n\t\t\t\t\t\t\t\tdata-rsp_ch=\"on\"\n\t\t\t\t\t\t\t\tdata-xy=\"xo:-157px,-129px,-98px,-34px;yo:-1px,0,0,178px;\"\n\t\t\t\t\t\t\t\tdata-text=\"w:normal;s:20,16,12,7;l:0,20,15,9;\"\n\t\t\t\t\t\t\t\tdata-dim=\"w:1587px,1310px,995px,688px;h:495px,408px,309px,276px;\"\n\t\t\t\t\t\t\t\tdata-frame_999=\"o:0;st:w;\"\n\t\t\t\t\t\t\t\t data-wpsdata='s:55%;c:100%;a:10%;g:11;an:0deg;t:0deg;sz:-51;dpr:1;particleSize:13;particleAmount:1500;gs:50%;oi:50%;lb:transparent;ddh:shiney;lo:5;b0:additive;a1:quarterPipe;e1:20deg;e2:23deg;e3:-20;e5:5;d3f:-20;d3a:4;d3m:1;ppfn:34;ppfsc:44;ppfsz:119;'\n\t\t\t\t\t\t\t\tstyle=\"z-index:9;background-color:rgba(0,0,0,0);\"\n\t\t\t\t\t\t\t> \n\t\t\t\t\t\t\t<\/rs-layer><!--\n-->\t\t\t\t\t\t<\/rs-slide>\n\t\t\t\t\t<\/rs-slides>\n\t\t\t\t<\/rs-module>\n\t\t\t\t<script>\n\t\t\t\t\tsetREVStartSize({c: 'rev_slider_7_1',rl:[1240,1024,778,480],el:[300,300,300,450],gw:[1240,1024,778,480],gh:[300,300,300,450],type:'hero',justify:'',layout:'fullwidth',mh:\"0\"});if (window.RS_MODULES!==undefined && window.RS_MODULES.modules!==undefined && window.RS_MODULES.modules[\"revslider71\"]!==undefined) {window.RS_MODULES.modules[\"revslider71\"].once = false;window.revapi7 = undefined;if (window.RS_MODULES.checkMinimal!==undefined) window.RS_MODULES.checkMinimal()}\n\t\t\t\t<\/script>\n\t\t\t<\/rs-module-wrap>\n\t\t\t<!-- END REVOLUTION SLIDER -->\n<\/div>\n\n\t\t\t\t<\/div>\n\t\t\t\t<\/div>\n\t\t\t\t\t<\/div>\n\t\t\t\t<\/div>\n\t\t<div class=\"elementor-element elementor-element-becb534 e-flex e-con-boxed wpr-particle-no wpr-jarallax-no wpr-parallax-no wpr-sticky-section-no e-con e-parent\" data-id=\"becb534\" data-element_type=\"container\" data-settings=\"{&quot;background_background&quot;:&quot;classic&quot;}\">\n\t\t\t\t\t<div class=\"e-con-inner\">\n\t\t<div class=\"elementor-element elementor-element-16f1042 e-con-full e-flex wpr-particle-no wpr-jarallax-no wpr-parallax-no wpr-sticky-section-no e-con e-child\" data-id=\"16f1042\" data-element_type=\"container\">\n\t\t\t\t<div class=\"elementor-element elementor-element-7d4b67a elementor-align-left elementor-widget elementor-widget-breadcrumbs\" data-id=\"7d4b67a\" data-element_type=\"widget\" data-widget_type=\"breadcrumbs.default\">\n\t\t\t\t<div class=\"elementor-widget-container\">\n\t\t\t<nav aria-label=\"breadcrumbs\" class=\"rank-math-breadcrumb\"><p><span class=\"last\">Home<\/span><\/p><\/nav>\t\t<\/div>\n\t\t\t\t<\/div>\n\t\t\t\t<\/div>\n\t\t\t\t\t<\/div>\n\t\t\t\t<\/div>\n\t\t<div class=\"elementor-element elementor-element-70e9ee7 e-flex e-con-boxed wpr-particle-no wpr-jarallax-no wpr-parallax-no wpr-sticky-section-no e-con e-parent\" data-id=\"70e9ee7\" data-element_type=\"container\" data-settings=\"{&quot;background_background&quot;:&quot;classic&quot;}\">\n\t\t\t\t\t<div class=\"e-con-inner\">\n\t\t<div class=\"elementor-element elementor-element-22b5562 e-con-full e-flex wpr-particle-no wpr-jarallax-no wpr-parallax-no wpr-sticky-section-no e-con e-child\" data-id=\"22b5562\" data-element_type=\"container\">\n\t\t\t\t<div class=\"elementor-element elementor-element-de3f0b0 animated-slow elementor-invisible elementor-widget elementor-widget-text-editor\" data-id=\"de3f0b0\" data-element_type=\"widget\" data-settings=\"{&quot;_animation&quot;:&quot;fadeIn&quot;}\" data-widget_type=\"text-editor.default\">\n\t\t\t\t<div class=\"elementor-widget-container\">\n\t\t\t\t\t\t\t<p>We believe in people and their talent.<\/p><p>We are looking for motivated and competent professionals who want to grow with us.<\/p>\t\t\t\t\t\t<\/div>\n\t\t\t\t<\/div>\n\t\t\t\t<\/div>\n\t\t<div class=\"elementor-element elementor-element-e818a55 e-con-full e-flex wpr-particle-no wpr-jarallax-no wpr-parallax-no wpr-sticky-section-no e-con e-child\" data-id=\"e818a55\" data-element_type=\"container\">\n\t\t\t\t<div class=\"elementor-element elementor-element-0b5ca9d animated-slow elementor-invisible elementor-widget elementor-widget-text-editor\" data-id=\"0b5ca9d\" data-element_type=\"widget\" data-settings=\"{&quot;_animation&quot;:&quot;fadeIn&quot;}\" data-widget_type=\"text-editor.default\">\n\t\t\t\t<div class=\"elementor-widget-container\">\n\t\t\t\t\t\t\t<p><strong>What we offer:<\/strong><\/p><ul><li>A stimulating and dynamic working environment.<\/li><li>Opportunities for professional growth.<\/li><\/ul>\t\t\t\t\t\t<\/div>\n\t\t\t\t<\/div>\n\t\t\t\t<\/div>\n\t\t\t\t\t<\/div>\n\t\t\t\t<\/div>\n\t\t<div class=\"elementor-element elementor-element-b8bedaa e-flex e-con-boxed wpr-particle-no wpr-jarallax-no wpr-parallax-no wpr-sticky-section-no e-con e-parent\" data-id=\"b8bedaa\" data-element_type=\"container\" data-settings=\"{&quot;background_background&quot;:&quot;classic&quot;}\">\n\t\t\t\t\t<div class=\"e-con-inner\">\n\t\t\t\t<div class=\"elementor-element elementor-element-5bf28ca elementor-widget elementor-widget-text-editor\" data-id=\"5bf28ca\" data-element_type=\"widget\" data-widget_type=\"text-editor.default\">\n\t\t\t\t<div class=\"elementor-widget-container\">\n\t\t\t\t\t\t\t<p>If you are interested in working with us, find out about open positions:<\/p>\t\t\t\t\t\t<\/div>\n\t\t\t\t<\/div>\n\t\t\t\t\t<\/div>\n\t\t\t\t<\/div>\n\t\t<div class=\"elementor-element elementor-element-fd19335 elementor-hidden-desktop elementor-hidden-laptop elementor-hidden-tablet elementor-hidden-mobile e-flex e-con-boxed wpr-particle-no wpr-jarallax-no wpr-parallax-no wpr-sticky-section-no e-con e-parent\" data-id=\"fd19335\" data-element_type=\"container\" data-settings=\"{&quot;background_background&quot;:&quot;classic&quot;}\">\n\t\t\t\t\t<div class=\"e-con-inner\">\n\t\t\t\t<div class=\"elementor-element elementor-element-23a6f34 wpr-advanced-accordion-icon-no-box elementor-widget elementor-widget-wpr-advanced-accordion\" data-id=\"23a6f34\" data-element_type=\"widget\" data-settings=\"{&quot;active_item&quot;:1}\" data-widget_type=\"wpr-advanced-accordion.default\">\n\t\t\t\t<div class=\"elementor-widget-container\">\n\t\t\t\n            <div class=\"wpr-advanced-accordion\" data-accordion-type=\"accordion\" data-active-index=\"1\" data-accordion-trigger=\"click\" data-interaction-speed=\"0.4\">\n\n\t\t\t\n                \n\t\t\t\t\t<div class=\"wpr-accordion-item-wrap\">\n\t\t\t\t\t\t<button class=\"wpr-acc-button\">\n\t\t\t\t\t\t\t<span class=\"wpr-acc-item-title\">\n\t\t\t\t\t\t\t\t\t\t\t\t<span class=\"wpr-title-icon\">\n\t\t\t\t\t\t\t\t\t<\/span>\n\t\t\t\n\t\t\t\t\t\t\t\t<span class=\"wpr-acc-title-text\">Technical Sales <\/span>\n\t\t\t\t\t\t\t<\/span>\n\t\t\t\t\t\t\t\t\t\t\t<span class=\"wpr-toggle-icon wpr-ti-close\"><svg aria-hidden=\"true\" class=\"e-font-icon-svg e-fas-plus\" viewBox=\"0 0 448 512\" xmlns=\"http:\/\/www.w3.org\/2000\/svg\"><path d=\"M416 208H272V64c0-17.67-14.33-32-32-32h-32c-17.67 0-32 14.33-32 32v144H32c-17.67 0-32 14.33-32 32v32c0 17.67 14.33 32 32 32h144v144c0 17.67 14.33 32 32 32h32c17.67 0 32-14.33 32-32V304h144c17.67 0 32-14.33 32-32v-32c0-17.67-14.33-32-32-32z\"><\/path><\/svg><\/span>\n\t\t\t\t<span class=\"wpr-toggle-icon wpr-ti-open\"><svg aria-hidden=\"true\" class=\"e-font-icon-svg e-fas-minus\" viewBox=\"0 0 448 512\" xmlns=\"http:\/\/www.w3.org\/2000\/svg\"><path d=\"M416 208H32c-17.67 0-32 14.33-32 32v32c0 17.67 14.33 32 32 32h384c17.67 0 32-14.33 32-32v-32c0-17.67-14.33-32-32-32z\"><\/path><\/svg><\/span>\n\t\t\t\t\t\t\t\t\t<\/button>\n\n\t\t\t\t\t\t<div class=\"wpr-acc-panel\">\n\t\t\t\t\t\t\t\t\t\t\t\t\t\t\t<div class=\"wpr-acc-panel-content\"><p data-sourcepos=\"3:1-3:25\"><strong>Descrizione del ruolo<\/strong><\/p><p data-sourcepos=\"5:1-5:83\">Sei un <strong>Tecnico Commerciale<\/strong> dinamico e proattivo con una passione per il settore edile e impiantistico? Stai cercando una sfida stimolante in un ambiente in continua crescita? Allora questa \u00e8 l'opportunit\u00e0 che fa per te!<\/p><p data-sourcepos=\"7:1-7:30\"><strong><br \/>Responsabilit\u00e0 principali:<\/strong><\/p><ul data-sourcepos=\"9:1-10:58\"><li data-sourcepos=\"9:1-9:66\"><strong>Studio e interpretazione delle normative tecniche<\/strong> di settore<\/li><li data-sourcepos=\"10:1-10:58\"><strong>Approfondimento delle tematiche pi\u00f9 sensibili<\/strong> per il settore e per lo sviluppo (dall'efficientamento energetico alle nuove tecniche costruttive)<\/li><li data-sourcepos=\"11:1-11:49\"><strong>Assistenza nell'elaborazione di alcune pratiche edilizie-impiantistiche<\/strong><\/li><li data-sourcepos=\"12:1-12:92\"><strong>Progettazione e promozione di seminari, webinar, laboratori e servizi<\/strong> verso le imprese<\/li><li data-sourcepos=\"13:1-13:96\"><strong>Supporto commerciale<\/strong> alle aziende associate nella ricerca di nuove opportunit\u00e0 di business<\/li><li data-sourcepos=\"14:1-14:71\"><strong>Sviluppo e gestione di relazioni<\/strong> con clienti e potenziali clienti<\/li><li data-sourcepos=\"15:1-15:51\"><strong>Redazione di preventivi e offerte commerciali<\/strong><\/li><li data-sourcepos=\"16:1-17:0\"><strong>Monitoraggio delle attivit\u00e0 commerciali<\/strong> e reportistica<\/li><\/ul><p data-sourcepos=\"18:1-18:14\"><strong><br \/>Requisiti:<\/strong><\/p><ul data-sourcepos=\"20:1-20:106\"><li data-sourcepos=\"20:1-20:106\"><strong>Diploma di Geometra<\/strong> e\/o <strong>Laurea in Ingegneria<\/strong> (anche Triennale Civile, Edile, Ambiente e Territorio)<\/li><li data-sourcepos=\"21:1-21:59\"><strong>Ottima conoscenza delle normative tecniche<\/strong> di settore<\/li><li data-sourcepos=\"22:1-22:104\"><strong>Esperienza pregressa in un ruolo commerciale<\/strong> in ambito edile o impiantistico (considerata un plus)<\/li><li data-sourcepos=\"23:1-23:68\"><strong>Buone capacit\u00e0 di comunicazione<\/strong> e <strong>relazione interpersonale<\/strong><\/li><li data-sourcepos=\"24:1-24:48\"><strong>Predisposizione al contatto con il cliente<\/strong><\/li><li data-sourcepos=\"25:1-25:53\"><strong>Dinamismo, proattivit\u00e0 e capacit\u00e0 organizzative<\/strong><\/li><li data-sourcepos=\"26:1-26:74\"><strong>Buona conoscenza del pacchetto Office<\/strong> (in particolare Word ed Excel)<\/li><li data-sourcepos=\"27:1-28:0\"><strong>Competenze informatiche<\/strong> (AUTOCAD)<\/li><\/ul><p data-sourcepos=\"29:1-29:18\"><strong><br \/>Cosa offriamo:<\/strong><\/p><ul data-sourcepos=\"31:1-36:0\"><li data-sourcepos=\"31:1-31:54\"><strong>Inserimento in un ambiente dinamico e stimolante<\/strong><\/li><li data-sourcepos=\"32:1-32:94\"><strong>Percorso di formazione e affiancamento<\/strong> sulle attivit\u00e0 rivolte alle imprese di produzione<\/li><li data-sourcepos=\"33:1-33:43\"><strong>Possibilit\u00e0 di sviluppo professionale<\/strong><\/li><li data-sourcepos=\"34:1-34:39\"><strong>Contratto di lavoro a tempo pieno<\/strong><\/li><li data-sourcepos=\"35:1-36:0\"><strong>Retribuzione<\/strong> in linea con il mercato<\/li><\/ul><p data-sourcepos=\"37:1-37:20\"><strong><br \/>Sede di lavoro:<\/strong><\/p><p data-sourcepos=\"39:1-39:43\"><strong><br \/>Orario di lavoro:<\/strong> Dal luned\u00ec al venerd\u00ec<\/p><p data-sourcepos=\"41:1-41:39\"><strong><br \/>Tipologia di contratto:<\/strong> Tempo pieno<\/p><p data-sourcepos=\"43:1-43:18\"><strong><br \/>Retribuzione:<\/strong><\/p><ul data-sourcepos=\"45:1-47:0\"><li data-sourcepos=\"45:1-45:17\">Quattordicesima<\/li><li data-sourcepos=\"46:1-47:0\">Tredicesima<\/li><\/ul><\/div>\n\t\t\t\t\t\t\t\t\t\t\t\t\t<\/div>\n                    <\/div>\n\n                            <\/div>\n        \t\t<\/div>\n\t\t\t\t<\/div>\n\t\t\t\t\t<\/div>\n\t\t\t\t<\/div>\n\t\t<div class=\"elementor-element elementor-element-41a022b e-flex e-con-boxed wpr-particle-no wpr-jarallax-no wpr-parallax-no wpr-sticky-section-no e-con e-parent\" data-id=\"41a022b\" data-element_type=\"container\" data-settings=\"{&quot;background_background&quot;:&quot;classic&quot;}\">\n\t\t\t\t\t<div class=\"e-con-inner\">\n\t\t\t\t<div class=\"elementor-element elementor-element-7ac0c32 animated-slow elementor-invisible elementor-widget elementor-widget-heading\" data-id=\"7ac0c32\" data-element_type=\"widget\" data-settings=\"{&quot;_animation&quot;:&quot;fadeIn&quot;}\" data-widget_type=\"heading.default\">\n\t\t\t\t<div class=\"elementor-widget-container\">\n\t\t\t<h2 class=\"elementor-heading-title elementor-size-default\">Contact us and send your <span style=\"color:#009DDF\">CV <\/span><\/h2>\t\t<\/div>\n\t\t\t\t<\/div>\n\t\t\t\t<div class=\"elementor-element elementor-element-e1b6382 elementor-widget elementor-widget-text-editor\" data-id=\"e1b6382\" data-element_type=\"widget\" data-widget_type=\"text-editor.default\">\n\t\t\t\t<div class=\"elementor-widget-container\">\n\t\t\t\t\t\t\t<p class=\"wpcf7-contact-form-not-found\"><strong>Error:<\/strong> Contact form not found.<\/p>\t\t\t\t\t\t<\/div>\n\t\t\t\t<\/div>\n\t\t\t\t\t<\/div>\n\t\t\t\t<\/div>\n\t\t\t\t<\/div>\n\t\t","protected":false},"excerpt":{"rendered":"<p>Home We believe in people and their talent. We are looking for motivated and competent professionals who want to grow with us. What we offer: A stimulating and dynamic working environment. Opportunities for professional growth. If you are interested in working with us, find out about open positions: Technical Sales Descrizione del ruolo Sei un Tecnico Commerciale dinamico e proattivo con una passione per il settore edile e impiantistico? Stai cercando una sfida stimolante in un ambiente in continua crescita? Allora questa \u00e8 l&#8217;opportunit\u00e0 che fa per te! Responsabilit\u00e0 principali: Studio e interpretazione delle normative tecniche di settore Approfondimento delle tematiche pi\u00f9 sensibili per il settore e per lo sviluppo (dall&#8217;efficientamento energetico alle nuove tecniche costruttive) Assistenza nell&#8217;elaborazione di alcune pratiche edilizie-impiantistiche Progettazione e promozione di seminari, webinar, laboratori e servizi verso le imprese Supporto commerciale alle aziende associate nella ricerca di nuove opportunit\u00e0 di business Sviluppo e gestione di relazioni con clienti e potenziali clienti Redazione di preventivi e offerte commerciali Monitoraggio delle attivit\u00e0 commerciali e reportistica Requisiti: Diploma di Geometra e\/o Laurea in Ingegneria (anche Triennale Civile, Edile, Ambiente e Territorio) Ottima conoscenza delle normative tecniche di settore Esperienza pregressa in un ruolo commerciale in ambito edile o impiantistico (considerata un plus) Buone capacit\u00e0 di comunicazione e relazione interpersonale Predisposizione al contatto con il cliente Dinamismo, proattivit\u00e0 e capacit\u00e0 organizzative Buona conoscenza del pacchetto Office (in particolare Word ed Excel) Competenze informatiche (AUTOCAD) Cosa offriamo: Inserimento in un ambiente dinamico e stimolante Percorso di formazione e affiancamento sulle attivit\u00e0 rivolte alle imprese di produzione Possibilit\u00e0 di sviluppo professionale Contratto di lavoro a tempo pieno Retribuzione in linea con il mercato Sede di lavoro: Orario di lavoro: Dal luned\u00ec al venerd\u00ec Tipologia di contratto: Tempo pieno Retribuzione: Quattordicesima Tredicesima Contact us and send your CV<\/p>\n","protected":false},"author":1,"featured_media":0,"parent":0,"menu_order":0,"comment_status":"closed","ping_status":"closed","template":"","meta":{"_acf_changed":false,"inline_featured_image":false,"footnotes":""},"class_list":["post-5838","page","type-page","status-publish","hentry"],"acf":[],"_links":{"self":[{"href":"https:\/\/diesse-electrosystem.it\/en\/wp-json\/wp\/v2\/pages\/5838","targetHints":{"allow":["GET"]}}],"collection":[{"href":"https:\/\/diesse-electrosystem.it\/en\/wp-json\/wp\/v2\/pages"}],"about":[{"href":"https:\/\/diesse-electrosystem.it\/en\/wp-json\/wp\/v2\/types\/page"}],"author":[{"embeddable":true,"href":"https:\/\/diesse-electrosystem.it\/en\/wp-json\/wp\/v2\/users\/1"}],"replies":[{"embeddable":true,"href":"https:\/\/diesse-electrosystem.it\/en\/wp-json\/wp\/v2\/comments?post=5838"}],"version-history":[{"count":7,"href":"https:\/\/diesse-electrosystem.it\/en\/wp-json\/wp\/v2\/pages\/5838\/revisions"}],"predecessor-version":[{"id":5846,"href":"https:\/\/diesse-electrosystem.it\/en\/wp-json\/wp\/v2\/pages\/5838\/revisions\/5846"}],"wp:attachment":[{"href":"https:\/\/diesse-electrosystem.it\/en\/wp-json\/wp\/v2\/media?parent=5838"}],"curies":[{"name":"wp","href":"https:\/\/api.w.org\/{rel}","templated":true}]}}